{"id":29840,"date":"2025-11-10T14:49:59","date_gmt":"2025-11-10T14:49:59","guid":{"rendered":"https:\/\/dicodi.cl\/allmedica\/?page_id=29840"},"modified":"2025-12-10T23:42:31","modified_gmt":"2025-12-10T23:42:31","slug":"certificacion-de-calidad","status":"publish","type":"page","link":"https:\/\/dicodi.cl\/allmedica\/certificacion-de-calidad\/","title":{"rendered":"Certificaci\u00f3n de Calidad"},"content":{"rendered":"<link rel=\"stylesheet\" id=\"wd-section-title-css\" href=\"https:\/\/dicodi.cl\/allmedica\/wp-content\/themes\/woodmart\/css\/parts\/el-section-title.min.css?ver=8.3.4\" type=\"text\/css\" media=\"all\" \/>\n\t\t\t\t\t\t\t\t\t\t<link rel=\"stylesheet\" id=\"wd-el-subtitle-style-css\" href=\"https:\/\/dicodi.cl\/allmedica\/wp-content\/themes\/woodmart\/css\/parts\/el-subtitle-style.min.css?ver=8.3.4\" type=\"text\/css\" media=\"all\" \/>\n\t\t\t\t\tAllmedica.cl\t\t\t\t<\/p>\n<h4>Certificaci\u00f3n de Calidad<br \/>\n<\/h4>\n<p>\t\t\t\t\t\t\t\t\t\t\t\t\t\t\t<img decoding=\"async\" width=\"565\" height=\"800\" src=\"https:\/\/dicodi.cl\/allmedica\/wp-content\/uploads\/2025\/11\/certificado-ISO-565x800.png\" alt=\"\" loading=\"lazy\" srcset=\"https:\/\/dicodi.cl\/allmedica\/wp-content\/uploads\/2025\/11\/certificado-ISO-565x800.png 565w, https:\/\/dicodi.cl\/allmedica\/wp-content\/uploads\/2025\/11\/certificado-ISO-212x300.png 212w, https:\/\/dicodi.cl\/allmedica\/wp-content\/uploads\/2025\/11\/certificado-ISO-768x1087.png 768w, https:\/\/dicodi.cl\/allmedica\/wp-content\/uploads\/2025\/11\/certificado-ISO-1085x1536.png 1085w, https:\/\/dicodi.cl\/allmedica\/wp-content\/uploads\/2025\/11\/certificado-ISO-1447x2048.png 1447w, https:\/\/dicodi.cl\/allmedica\/wp-content\/uploads\/2025\/11\/certificado-ISO-430x609.png 430w, https:\/\/dicodi.cl\/allmedica\/wp-content\/uploads\/2025\/11\/certificado-ISO-700x991.png 700w, https:\/\/dicodi.cl\/allmedica\/wp-content\/uploads\/2025\/11\/certificado-ISO-150x212.png 150w, https:\/\/dicodi.cl\/allmedica\/wp-content\/uploads\/2025\/11\/certificado-ISO.png 1651w\" sizes=\"auto, (max-width: 565px) 100vw, 565px\" \/>\n\t\t\t\t\t\t\t\t<link rel=\"stylesheet\" id=\"wd-text-block-css\" href=\"https:\/\/dicodi.cl\/allmedica\/wp-content\/themes\/woodmart\/css\/parts\/el-text-block.min.css?ver=8.3.4\" type=\"text\/css\" media=\"all\" \/>\n<section data-id=\"a80cbbe\" data-element_type=\"section\">\n<h2 style=\"text-align: center;\">Certificaci\u00f3n de Calidad<\/h2>\n<\/section>\n<section data-id=\"9a278bb\" data-element_type=\"section\">\n<h2 style=\"text-align: center;\">Beneficios Certificaci\u00f3n ISO 13485:2016<\/h2>\n<\/section>\n<section data-id=\"e176b2d\" data-element_type=\"section\">\n<ol>\n<li>Consistencia en la calidad: Allmedica garantiza la excelencia constante de la calidad en sus productos y servicios. Gracias a la estandarizaci\u00f3n de procesos y constante mejora, siempre nuestros clientes recibir\u00e1n productos y servicios de la m\u00e1s alta calidad.<\/li>\n<\/ol>\n<ol start=\"2\">\n<li>Reducci\u00f3n de riesgos: Al mantener un sistema de gesti\u00f3n de calidad riguroso, logramos disminuir las posibilidades de fallos en los procesos, lo que reduce riesgos y mejora la seguridad del usuario final.<\/li>\n<\/ol>\n<ol start=\"3\">\n<li>Relaciones comerciales s\u00f3lidas: Nuestra certificaci\u00f3n ISO 13485:2016 no solo refleja el compromiso con la calidad, sino que tambi\u00e9n fortalece nuestra conexi\u00f3n con los clientes. Esta garant\u00eda de excelencia fomenta una lealtad duradera y una colaboraci\u00f3n fruct\u00edfera, asegurando a \u00a0\u00a0Allmedica como un proveedor confiable.<\/li>\n<\/ol>\n<ol start=\"4\">\n<li>Mejor adaptabilidad a cambios regulatorios: nuestro sistema de gesti\u00f3n de calidad facilita la adaptaci\u00f3n a nuevas normativas y regulaciones, cumpliendo con los requisitos m\u00e1s recientes.<\/li>\n<\/ol>\n<ol start=\"5\">\n<li>Innovaci\u00f3n y mejora continua: La certificaci\u00f3n promueve una cultura de mejora continua e innovaci\u00f3n, asegurando que los productos y servicios evolucionen para satisfacer las necesidades del mercado.<\/li>\n<\/ol>\n<\/section>\n","protected":false},"excerpt":{"rendered":"<p>Allmedica.cl Certificaci\u00f3n de Calidad Certificaci\u00f3n de Calidad Beneficios Certificaci\u00f3n ISO 13485:2016 Consistencia en la calidad: Allmedica garantiza la excelencia constante<\/p>\n","protected":false},"author":1,"featured_media":0,"parent":0,"menu_order":0,"comment_status":"closed","ping_status":"closed","template":"","meta":{"footnotes":""},"class_list":["post-29840","page","type-page","status-publish","hentry"],"_links":{"self":[{"href":"https:\/\/dicodi.cl\/allmedica\/wp-json\/wp\/v2\/pages\/29840","targetHints":{"allow":["GET"]}}],"collection":[{"href":"https:\/\/dicodi.cl\/allmedica\/wp-json\/wp\/v2\/pages"}],"about":[{"href":"https:\/\/dicodi.cl\/allmedica\/wp-json\/wp\/v2\/types\/page"}],"author":[{"embeddable":true,"href":"https:\/\/dicodi.cl\/allmedica\/wp-json\/wp\/v2\/users\/1"}],"replies":[{"embeddable":true,"href":"https:\/\/dicodi.cl\/allmedica\/wp-json\/wp\/v2\/comments?post=29840"}],"version-history":[{"count":7,"href":"https:\/\/dicodi.cl\/allmedica\/wp-json\/wp\/v2\/pages\/29840\/revisions"}],"predecessor-version":[{"id":29849,"href":"https:\/\/dicodi.cl\/allmedica\/wp-json\/wp\/v2\/pages\/29840\/revisions\/29849"}],"wp:attachment":[{"href":"https:\/\/dicodi.cl\/allmedica\/wp-json\/wp\/v2\/media?parent=29840"}],"curies":[{"name":"wp","href":"https:\/\/api.w.org\/{rel}","templated":true}]}}