{"id":4400,"date":"2021-10-12T15:51:09","date_gmt":"2021-10-12T15:51:09","guid":{"rendered":"http:\/\/dummy.xtemos.com\/woodmart2\/elementor\/?page_id=4400"},"modified":"2026-02-09T18:49:13","modified_gmt":"2026-02-09T18:49:13","slug":"acerca-de","status":"publish","type":"page","link":"https:\/\/dicodi.cl\/allmedica\/acerca-de\/","title":{"rendered":"Acerca de"},"content":{"rendered":"<figure><img decoding=\"async\" src=\"https:\/\/dicodi.cl\/allmedica\/wp-content\/uploads\/2026\/02\/Banner_acercade_Allmedica-768x512.png\" alt=\"Banner_acercade_Allmedica\" \/><\/figure>\n<figure><img decoding=\"async\" src=\"https:\/\/dicodi.cl\/allmedica\/wp-content\/uploads\/2026\/02\/banner_5-768x512.png\" alt=\"banner_5\" \/><\/figure>\n<figure><img decoding=\"async\" src=\"https:\/\/dicodi.cl\/allmedica\/wp-content\/uploads\/2026\/02\/banner_4-768x512.png\" alt=\"banner_4\" \/><\/figure>\n<figure><img decoding=\"async\" src=\"https:\/\/dicodi.cl\/allmedica\/wp-content\/uploads\/2026\/02\/ChatGPT-Image-24-nov-2025-04_37_13-p.m-768x512.png\" alt=\"ChatGPT Image 24 nov 2025, 04_37_13 p.m.\" \/><\/figure>\n<figure><img decoding=\"async\" src=\"https:\/\/dicodi.cl\/allmedica\/wp-content\/uploads\/2026\/02\/banner_2-768x512.png\" alt=\"banner_2\" \/><\/figure>\n<p>\t\t\t\t\t\t<svg aria-hidden=\"true\" viewBox=\"0 0 1000 1000\" xmlns=\"http:\/\/www.w3.org\/2000\/svg\"><path d=\"M646 125C629 125 613 133 604 142L308 442C296 454 292 471 292 487 292 504 296 521 308 533L604 854C617 867 629 875 646 875 663 875 679 871 692 858 704 846 713 829 713 812 713 796 708 779 692 767L438 487 692 225C700 217 708 204 708 187 708 171 704 154 692 142 675 129 663 125 646 125Z\"><\/path><\/svg><br \/>\n\t\t\t\t\t\t<svg aria-hidden=\"true\" viewBox=\"0 0 1000 1000\" xmlns=\"http:\/\/www.w3.org\/2000\/svg\"><path d=\"M696 533C708 521 713 504 713 487 713 471 708 454 696 446L400 146C388 133 375 125 354 125 338 125 325 129 313 142 300 154 292 171 292 187 292 204 296 221 308 233L563 492 304 771C292 783 288 800 288 817 288 833 296 850 308 863 321 871 338 875 354 875 371 875 388 867 400 854L696 533Z\"><\/path><\/svg>\n\t\t\t\t\t\t\t\t<link rel=\"stylesheet\" id=\"wd-section-title-css\" href=\"https:\/\/dicodi.cl\/allmedica\/wp-content\/themes\/woodmart\/css\/parts\/el-section-title.min.css?ver=8.3.8\" type=\"text\/css\" media=\"all\" \/>\n\t\t\t\t\t\t\t\t\t\t<link rel=\"stylesheet\" id=\"wd-el-subtitle-style-css\" href=\"https:\/\/dicodi.cl\/allmedica\/wp-content\/themes\/woodmart\/css\/parts\/el-subtitle-style.min.css?ver=8.3.8\" type=\"text\/css\" media=\"all\" \/>\n\t\t\t\t\tALLMEDICA.CL\t\t\t\t<\/p>\n<h4>Sobre ALLMEDICA<\/h4>\n<link rel=\"stylesheet\" id=\"wd-text-block-css\" href=\"https:\/\/dicodi.cl\/allmedica\/wp-content\/themes\/woodmart\/css\/parts\/el-text-block.min.css?ver=8.3.8\" type=\"text\/css\" media=\"all\" \/>\n<p>ALLMEDICA S.A. con m\u00e1s de 3 d\u00e9cadas de experiencia en el soporte t\u00e9cnico de Equipos m\u00e9dicos y la comercializaci\u00f3n de insumos, accesorios, repuestos y equipos para la atenci\u00f3n de salud. Todos los productos que comercializamos cumplen con normas internacionales de calidad ISO, normas de la Comunidad Econ\u00f3mica Europea y Certificaci\u00f3n para Exportaci\u00f3n.<\/p>\n<ul>\n<li>\n\t\t\t\t\t\t\t<svg aria-hidden=\"true\" viewBox=\"0 0 512 512\" xmlns=\"http:\/\/www.w3.org\/2000\/svg\"><path d=\"M173.898 439.404l-166.4-166.4c-9.997-9.997-9.997-26.206 0-36.204l36.203-36.204c9.997-9.998 26.207-9.998 36.204 0L192 312.69 432.095 72.596c9.997-9.997 26.207-9.997 36.204 0l36.203 36.204c9.997 9.997 9.997 26.206 0 36.204l-294.4 294.401c-9.998 9.997-26.207 9.997-36.204-.001z\"><\/path><\/svg><br \/>\n\t\t\t\t\t\t\t\t\t\tEquipos M\u00e9dicos\n\t\t\t\t\t\t\t\t\t<\/li>\n<li>\n\t\t\t\t\t\t\t<svg aria-hidden=\"true\" viewBox=\"0 0 512 512\" xmlns=\"http:\/\/www.w3.org\/2000\/svg\"><path d=\"M173.898 439.404l-166.4-166.4c-9.997-9.997-9.997-26.206 0-36.204l36.203-36.204c9.997-9.998 26.207-9.998 36.204 0L192 312.69 432.095 72.596c9.997-9.997 26.207-9.997 36.204 0l36.203 36.204c9.997 9.997 9.997 26.206 0 36.204l-294.4 294.401c-9.998 9.997-26.207 9.997-36.204-.001z\"><\/path><\/svg><br \/>\n\t\t\t\t\t\t\t\t\t\tInsumos M\u00e9dicos\n\t\t\t\t\t\t\t\t\t<\/li>\n<li>\n\t\t\t\t\t\t\t<svg aria-hidden=\"true\" viewBox=\"0 0 512 512\" xmlns=\"http:\/\/www.w3.org\/2000\/svg\"><path d=\"M173.898 439.404l-166.4-166.4c-9.997-9.997-9.997-26.206 0-36.204l36.203-36.204c9.997-9.998 26.207-9.998 36.204 0L192 312.69 432.095 72.596c9.997-9.997 26.207-9.997 36.204 0l36.203 36.204c9.997 9.997 9.997 26.206 0 36.204l-294.4 294.401c-9.998 9.997-26.207 9.997-36.204-.001z\"><\/path><\/svg><br \/>\n\t\t\t\t\t\t\t\t\t\tAccesorios para Pabell\u00f3n, Incubadoras, etc.\n\t\t\t\t\t\t\t\t\t<\/li>\n<li>\n\t\t\t\t\t\t\t<svg aria-hidden=\"true\" viewBox=\"0 0 512 512\" xmlns=\"http:\/\/www.w3.org\/2000\/svg\"><path d=\"M173.898 439.404l-166.4-166.4c-9.997-9.997-9.997-26.206 0-36.204l36.203-36.204c9.997-9.998 26.207-9.998 36.204 0L192 312.69 432.095 72.596c9.997-9.997 26.207-9.997 36.204 0l36.203 36.204c9.997 9.997 9.997 26.206 0 36.204l-294.4 294.401c-9.998 9.997-26.207 9.997-36.204-.001z\"><\/path><\/svg><br \/>\n\t\t\t\t\t\t\t\t\t\tRepuestos\n\t\t\t\t\t\t\t\t\t<\/li>\n<li>\n\t\t\t\t\t\t\t<svg aria-hidden=\"true\" viewBox=\"0 0 512 512\" xmlns=\"http:\/\/www.w3.org\/2000\/svg\"><path d=\"M173.898 439.404l-166.4-166.4c-9.997-9.997-9.997-26.206 0-36.204l36.203-36.204c9.997-9.998 26.207-9.998 36.204 0L192 312.69 432.095 72.596c9.997-9.997 26.207-9.997 36.204 0l36.203 36.204c9.997 9.997 9.997 26.206 0 36.204l-294.4 294.401c-9.998 9.997-26.207 9.997-36.204-.001z\"><\/path><\/svg><br \/>\n\t\t\t\t\t\t\t\t\t\tServicio T\u00e9cnico en Equipos Reacondicionados y Nuevos\n\t\t\t\t\t\t\t\t\t<\/li>\n<li>\n\t\t\t\t\t\t\t<svg aria-hidden=\"true\" viewBox=\"0 0 512 512\" xmlns=\"http:\/\/www.w3.org\/2000\/svg\"><path d=\"M173.898 439.404l-166.4-166.4c-9.997-9.997-9.997-26.206 0-36.204l36.203-36.204c9.997-9.998 26.207-9.998 36.204 0L192 312.69 432.095 72.596c9.997-9.997 26.207-9.997 36.204 0l36.203 36.204c9.997 9.997 9.997 26.206 0 36.204l-294.4 294.401c-9.998 9.997-26.207 9.997-36.204-.001z\"><\/path><\/svg><br \/>\n\t\t\t\t\t\t\t\t\t\tConvenios de Mantenci\u00f3n de Equipos M\u00e9dicos\n\t\t\t\t\t\t\t\t\t<\/li>\n<li>\n\t\t\t\t\t\t\t<svg aria-hidden=\"true\" viewBox=\"0 0 512 512\" xmlns=\"http:\/\/www.w3.org\/2000\/svg\"><path d=\"M173.898 439.404l-166.4-166.4c-9.997-9.997-9.997-26.206 0-36.204l36.203-36.204c9.997-9.998 26.207-9.998 36.204 0L192 312.69 432.095 72.596c9.997-9.997 26.207-9.997 36.204 0l36.203 36.204c9.997 9.997 9.997 26.206 0 36.204l-294.4 294.401c-9.998 9.997-26.207 9.997-36.204-.001z\"><\/path><\/svg><br \/>\n\t\t\t\t\t\t\t\t\t\tAsesor\u00edas de Proyectos\n\t\t\t\t\t\t\t\t\t<\/li>\n<\/ul>\n<p style=\"text-align: justify;\">Contamos con personal especializado en las diferentes \u00e1reas, como son: Electr\u00f3nica, Electromec\u00e1nica, Asesor\u00eda t\u00e9cnica tanto en proyectos como en adquisici\u00f3n de Productos y Equipos m\u00e9dicos nuevos y reacondicionados.<br \/>Disponemos de una red de proveedores de transporte de primer nivel que nos permite llegar a cuidades principales y secundar\u00edas con frecuencias y tiempos de entrega acordes a las exigencias de nuestros clientes, permitiendo una cobertura a nivel nacional.<\/p>\n","protected":false},"excerpt":{"rendered":"<p>ALLMEDICA.CL Sobre ALLMEDICA ALLMEDICA S.A. con m\u00e1s de 3 d\u00e9cadas de experiencia en el soporte t\u00e9cnico de Equipos m\u00e9dicos y<\/p>\n","protected":false},"author":1,"featured_media":0,"parent":0,"menu_order":0,"comment_status":"closed","ping_status":"closed","template":"","meta":{"footnotes":""},"class_list":["post-4400","page","type-page","status-publish","hentry"],"_links":{"self":[{"href":"https:\/\/dicodi.cl\/allmedica\/wp-json\/wp\/v2\/pages\/4400","targetHints":{"allow":["GET"]}}],"collection":[{"href":"https:\/\/dicodi.cl\/allmedica\/wp-json\/wp\/v2\/pages"}],"about":[{"href":"https:\/\/dicodi.cl\/allmedica\/wp-json\/wp\/v2\/types\/page"}],"author":[{"embeddable":true,"href":"https:\/\/dicodi.cl\/allmedica\/wp-json\/wp\/v2\/users\/1"}],"replies":[{"embeddable":true,"href":"https:\/\/dicodi.cl\/allmedica\/wp-json\/wp\/v2\/comments?post=4400"}],"version-history":[{"count":19,"href":"https:\/\/dicodi.cl\/allmedica\/wp-json\/wp\/v2\/pages\/4400\/revisions"}],"predecessor-version":[{"id":30956,"href":"https:\/\/dicodi.cl\/allmedica\/wp-json\/wp\/v2\/pages\/4400\/revisions\/30956"}],"wp:attachment":[{"href":"https:\/\/dicodi.cl\/allmedica\/wp-json\/wp\/v2\/media?parent=4400"}],"curies":[{"name":"wp","href":"https:\/\/api.w.org\/{rel}","templated":true}]}}