{"id":4439,"date":"2021-10-12T16:27:24","date_gmt":"2021-10-12T16:27:24","guid":{"rendered":"http:\/\/dummy.xtemos.com\/woodmart2\/elementor\/?page_id=4439"},"modified":"2026-02-09T18:50:27","modified_gmt":"2026-02-09T18:50:27","slug":"contacto","status":"publish","type":"page","link":"https:\/\/dicodi.cl\/allmedica\/contacto\/","title":{"rendered":"Contacto"},"content":{"rendered":"<link rel=\"stylesheet\" id=\"wd-map-css\" href=\"https:\/\/dicodi.cl\/allmedica\/wp-content\/themes\/woodmart\/css\/parts\/el-map.min.css?ver=8.3.8\" type=\"text\/css\" media=\"all\" \/> \t\t\t\t\t\t<link rel=\"stylesheet\" id=\"wd-el-google-map-css\" href=\"https:\/\/dicodi.cl\/allmedica\/wp-content\/themes\/woodmart\/css\/parts\/el-google-map.min.css?ver=8.3.8\" type=\"text\/css\" media=\"all\" \/>\n\t\t\t\t\t\t\t\t\t\t\t\t\t\t\t\t<link rel=\"stylesheet\" id=\"elementor-post-4452-css\" href=\"https:\/\/dicodi.cl\/allmedica\/wp-content\/uploads\/elementor\/css\/post-4452.css?ver=1769703493\" type=\"text\/css\" media=\"all\">\n<style>.elementor-4452 .elementor-element.elementor-element-64d2028{--display:flex;}<\/style>\n<link rel=\"stylesheet\" id=\"wd-info-box-css\" href=\"https:\/\/dicodi.cl\/allmedica\/wp-content\/themes\/woodmart\/css\/parts\/el-info-box.min.css?ver=8.3.8\" type=\"text\/css\" media=\"all\" \/>\n\t\t\t\t\t\t\t\t\t\t\t\t\t\t<link rel=\"stylesheet\" id=\"wd-el-subtitle-style-css\" href=\"https:\/\/dicodi.cl\/allmedica\/wp-content\/themes\/woodmart\/css\/parts\/el-subtitle-style.min.css?ver=8.3.8\" type=\"text\/css\" media=\"all\" \/>\n\t\t\t\t\t\t\tALLMEDICA.CL\t\t\t\t\t\t<\/p>\n<h4\t\t\t\t\t\tclass=\"info-box-title title box-title-style-default wd-fontsize-m\" data-elementor-setting-key=\"title\">\n\t\t\t\t\t\t\t\tVISITA NUESTRAS OFICINAS EN :\t\t\t\t\t\t<\/h4>\n<p data-start=\"0\" data-end=\"125\">\ud83d\udccd <strong data-start=\"130\" data-end=\"180\">Jos\u00e9 Domingo Ca\u00f1as 924, \u00d1u\u00f1oa, Santiago, Chile<\/strong><\/p>\n<link rel=\"stylesheet\" id=\"wd-button-css\" href=\"https:\/\/dicodi.cl\/allmedica\/wp-content\/themes\/woodmart\/css\/parts\/el-button.min.css?ver=8.3.8\" type=\"text\/css\" media=\"all\" \/>\n\t\t\t<a  href=\"https:\/\/wa.me\/56223791777\"><br \/>\n\t\t\t\t\tCont\u00e1ctanos<br \/>\n\t\t\t\t\t\t\t<\/a>\n\t\t\t\t\t\t\t\t<link rel=\"stylesheet\" id=\"wd-section-title-css\" href=\"https:\/\/dicodi.cl\/allmedica\/wp-content\/themes\/woodmart\/css\/parts\/el-section-title.min.css?ver=8.3.8\" type=\"text\/css\" media=\"all\" \/>\n\t\t\t\t\tINFORMACI\u00d3N\t\t\t\t<\/p>\n<h4>PREGUNTAS FRECUENTES<\/h4>\n<link rel=\"stylesheet\" id=\"wd-accordion-css\" href=\"https:\/\/dicodi.cl\/allmedica\/wp-content\/themes\/woodmart\/css\/parts\/el-accordion.min.css?ver=8.3.8\" type=\"text\/css\" media=\"all\" \/> \t\t\t\t\t\t<link rel=\"stylesheet\" id=\"wd-accordion-elem-wpb-css\" href=\"https:\/\/dicodi.cl\/allmedica\/wp-content\/themes\/woodmart\/css\/parts\/el-accordion-wpb-elem.min.css?ver=8.3.8\" type=\"text\/css\" media=\"all\" \/>\n\t\t\t\t\t\t\t\t\u00bfD\u00f3nde puedo ver mi comprobante de compra?\t\t\t\t\t\t\t<\/p>\n<p data-start=\"244\" data-end=\"370\">Puedes visualizar y descargar tu comprobante directamente desde tu cuenta en nuestro sitio web. Solo debes seguir estos pasos:<\/p>\n<ol data-start=\"372\" data-end=\"606\">\n<li data-start=\"372\" data-end=\"411\">\n<p data-start=\"375\" data-end=\"411\">Inicia sesi\u00f3n en <strong data-start=\"392\" data-end=\"408\">AllMedica.cl<\/strong>.<\/p>\n<\/li>\n<li data-start=\"412\" data-end=\"444\">\n<p data-start=\"415\" data-end=\"444\">Ve al men\u00fa <strong data-start=\"426\" data-end=\"441\">\u201cMi Cuenta\u201d<\/strong>.<\/p>\n<\/li>\n<li data-start=\"445\" data-end=\"476\">\n<p data-start=\"448\" data-end=\"476\">Haz clic en <strong data-start=\"460\" data-end=\"473\">\u201cPedidos\u201d<\/strong>.<\/p>\n<\/li>\n<li data-start=\"477\" data-end=\"606\">\n<p data-start=\"480\" data-end=\"606\">Selecciona el pedido correspondiente y encontrar\u00e1s el <strong data-start=\"534\" data-end=\"559\">comprobante de compra<\/strong>, el detalle de tu orden y el estado del env\u00edo.<\/p>\n<\/li>\n<\/ol>\n<p data-start=\"608\" data-end=\"738\">Si necesitas una copia adicional o una factura electr\u00f3nica, tambi\u00e9n puedes solicitarla escribi\u00e9ndonos a nuestro correo de soporte.<\/p>\n<p>\t\t\t\t\t\t\t\t\u00bfLos productos cuentan con garant\u00eda?\t\t\t\t\t\t\t<\/p>\n<p>S\u00ed. Todos nuestros productos cuentan con garant\u00eda legal y garant\u00eda del fabricante. La duraci\u00f3n depende del tipo de equipo, pero en la mayor\u00eda de los casos incluye cobertura por fallas de fabricaci\u00f3n. Si necesitas activar una garant\u00eda, cont\u00e1ctanos con tu n\u00famero de pedido y te guiaremos en el proceso<\/p>\n<p>\t\t\t\t\t\t\t\t\u00bfHacen env\u00edos a todo Chile?\t\t\t\t\t\t\t<\/p>\n<p>S\u00ed, realizamos env\u00edos a todo Chile mediante empresas de transporte confiables. Una vez confirmado el pago, tu pedido se procesa y se despacha normalmente dentro de 24 a 48 horas h\u00e1biles. Recibir\u00e1s un n\u00famero de seguimiento para revisar el estado del env\u00edo en cualquier momento.<\/p>\n<p>\t\t\t\t\tRECIBE INFORMACI\u00d3N\t\t\t\t<\/p>\n<h4>CONT\u00c1CTANOS PARA CUALQUIER DUDA<\/h4>\n<link rel=\"stylesheet\" id=\"wd-wpcf7-css\" href=\"https:\/\/dicodi.cl\/allmedica\/wp-content\/themes\/woodmart\/css\/parts\/int-wpcf7.min.css?ver=8.3.8\" type=\"text\/css\" media=\"all\" \/>\n<p role=\"status\" aria-live=\"polite\" aria-atomic=\"true\">\n<ul><\/ul>\n<form action=\"\/allmedica\/wp-admin\/admin-ajax.php#wpcf7-f1572-o1\" method=\"post\" aria-label=\"Contact form\" novalidate=\"novalidate\" data-status=\"init\">\n<fieldset><input type=\"hidden\" name=\"_wpcf7\" value=\"1572\" \/><input type=\"hidden\" name=\"_wpcf7_version\" value=\"6.1.4\" \/><input type=\"hidden\" name=\"_wpcf7_locale\" value=\"en_US\" \/><input type=\"hidden\" name=\"_wpcf7_unit_tag\" value=\"wpcf7-f1572-o1\" \/><input type=\"hidden\" name=\"_wpcf7_container_post\" value=\"0\" \/><input type=\"hidden\" name=\"_wpcf7_posted_data_hash\" value=\"\" \/><br \/>\n<\/fieldset>\n<p><label>Tu nombre<\/label><input size=\"40\" maxlength=\"400\" aria-required=\"true\" aria-invalid=\"false\" value=\"\" type=\"text\" name=\"your-name\" \/>\n\t\t\t<\/p>\n<p><label>Tu Email<\/label><input size=\"40\" maxlength=\"400\" aria-required=\"true\" aria-invalid=\"false\" value=\"\" type=\"email\" name=\"your-email\" \/>\n\t\t\t<\/p>\n<p><label>Tel\u00e9fono<\/label><input size=\"40\" maxlength=\"400\" aria-invalid=\"false\" value=\"\" type=\"tel\" name=\"tel-767\" \/>\n\t\t\t<\/p>\n<p><label>Empresa<\/label><input size=\"40\" maxlength=\"400\" aria-invalid=\"false\" value=\"\" type=\"text\" name=\"text-1\" \/>\n\t\t\t<\/p>\n<p><label>Mensaje<\/label><textarea cols=\"40\" rows=\"10\" maxlength=\"2000\" aria-invalid=\"false\" name=\"your-message\"><\/textarea>\n\t\t<\/p>\n<p><input type=\"submit\" value=\"Enviar consulta\" \/>\n\t\t<\/p>\n<\/form>\n","protected":false},"excerpt":{"rendered":"<p>ALLMEDICA.CL VISITA NUESTRAS OFICINAS EN : \ud83d\udccd Jos\u00e9 Domingo Ca\u00f1as 924, \u00d1u\u00f1oa, Santiago, Chile Cont\u00e1ctanos INFORMACI\u00d3N PREGUNTAS FRECUENTES \u00bfD\u00f3nde puedo<\/p>\n","protected":false},"author":1,"featured_media":0,"parent":0,"menu_order":0,"comment_status":"closed","ping_status":"closed","template":"","meta":{"footnotes":""},"class_list":["post-4439","page","type-page","status-publish","hentry"],"_links":{"self":[{"href":"https:\/\/dicodi.cl\/allmedica\/wp-json\/wp\/v2\/pages\/4439","targetHints":{"allow":["GET"]}}],"collection":[{"href":"https:\/\/dicodi.cl\/allmedica\/wp-json\/wp\/v2\/pages"}],"about":[{"href":"https:\/\/dicodi.cl\/allmedica\/wp-json\/wp\/v2\/types\/page"}],"author":[{"embeddable":true,"href":"https:\/\/dicodi.cl\/allmedica\/wp-json\/wp\/v2\/users\/1"}],"replies":[{"embeddable":true,"href":"https:\/\/dicodi.cl\/allmedica\/wp-json\/wp\/v2\/comments?post=4439"}],"version-history":[{"count":23,"href":"https:\/\/dicodi.cl\/allmedica\/wp-json\/wp\/v2\/pages\/4439\/revisions"}],"predecessor-version":[{"id":30960,"href":"https:\/\/dicodi.cl\/allmedica\/wp-json\/wp\/v2\/pages\/4439\/revisions\/30960"}],"wp:attachment":[{"href":"https:\/\/dicodi.cl\/allmedica\/wp-json\/wp\/v2\/media?parent=4439"}],"curies":[{"name":"wp","href":"https:\/\/api.w.org\/{rel}","templated":true}]}}