{"id":30409,"date":"2026-02-05T22:10:09","date_gmt":"2026-02-05T22:10:09","guid":{"rendered":"https:\/\/dicodi.cl\/allmedica\/?post_type=product&#038;p=30409"},"modified":"2026-02-05T22:10:11","modified_gmt":"2026-02-05T22:10:11","slug":"desfibrilador-automatico-dea-nf1201","status":"publish","type":"product","link":"https:\/\/dicodi.cl\/allmedica\/producto\/desfibrilador-automatico-dea-nf1201\/","title":{"rendered":"Desfibrilador Autom\u00e1tico DEA NF1201"},"content":{"rendered":"<p>El Desfibrilador IPAD esta dise\u00f1ado para ser operado por personas m\u00ednimamente capacitadas en RCP proporciona instrucciones simples y directas por voz para la operaci\u00f3n de rescate. es liviano y portable usa bater\u00edas de litio de larga duraci\u00f3n (3 a\u00f1os en StandBy).-<\/p>\n<p>Desfibrilador Marca CU Medical Modelo NF1201<\/p>\n<p>Origen Koreano<\/p>\n<p>Garant\u00eda Bater\u00eda:\u00a0 3 a\u00f1os desde fecha de Fabricaci\u00f3n<\/p>\n<p>Video Capacitaci\u00f3n cuando se concreta la venta<\/p>\n<p>Equipo: 100% Autom\u00e1tico<\/p>\n","protected":false},"excerpt":{"rendered":"<p><strong>COD:<\/strong> NF1201<br \/>\n<strong>MARCA:<\/strong> CU MEDICAL<br \/>\n<strong>MODELO:<\/strong> NF1201<\/p>\n","protected":false},"featured_media":29085,"template":"","meta":[],"product_brand":[],"product_cat":[75,77,76],"product_tag":[79,80,81,82,83,84,85,86,87,88,89,90,91,92,93],"class_list":{"0":"post-30409","1":"product","2":"type-product","3":"status-publish","4":"has-post-thumbnail","6":"product_cat-cardiologia-y-monitorizacion","7":"product_cat-desfibrilador-automatico","8":"product_cat-desfibriladores","9":"product_tag-aed-desfibrilador","10":"product_tag-aparato-desfibrilador","11":"product_tag-costo-de-un-desfibrilador","12":"product_tag-dea-desfibrilador-precio","13":"product_tag-desfibrilador-automatico-dea","14":"product_tag-desfibrilador-automatico-precio","15":"product_tag-desfibrilador-de-entrenamiento","16":"product_tag-desfibrilador-externo-automatico","17":"product_tag-desfibrilador-externo-automatico-precio","18":"product_tag-desfibrilador-externo-automatizado","19":"product_tag-desfibrilador-precio","20":"product_tag-desfibrilador-precio-chile","21":"product_tag-desfibrilador-rcp","22":"product_tag-desfibrilador-venta","23":"product_tag-desfibriladores-chile","25":"first","26":"outofstock","27":"product-type-simple"},"_links":{"self":[{"href":"https:\/\/dicodi.cl\/allmedica\/wp-json\/wp\/v2\/product\/30409","targetHints":{"allow":["GET"]}}],"collection":[{"href":"https:\/\/dicodi.cl\/allmedica\/wp-json\/wp\/v2\/product"}],"about":[{"href":"https:\/\/dicodi.cl\/allmedica\/wp-json\/wp\/v2\/types\/product"}],"wp:featuredmedia":[{"embeddable":true,"href":"https:\/\/dicodi.cl\/allmedica\/wp-json\/wp\/v2\/media\/29085"}],"wp:attachment":[{"href":"https:\/\/dicodi.cl\/allmedica\/wp-json\/wp\/v2\/media?parent=30409"}],"wp:term":[{"taxonomy":"product_brand","embeddable":true,"href":"https:\/\/dicodi.cl\/allmedica\/wp-json\/wp\/v2\/product_brand?post=30409"},{"taxonomy":"product_cat","embeddable":true,"href":"https:\/\/dicodi.cl\/allmedica\/wp-json\/wp\/v2\/product_cat?post=30409"},{"taxonomy":"product_tag","embeddable":true,"href":"https:\/\/dicodi.cl\/allmedica\/wp-json\/wp\/v2\/product_tag?post=30409"}],"curies":[{"name":"wp","href":"https:\/\/api.w.org\/{rel}","templated":true}]}}