{"id":30428,"date":"2026-02-05T22:10:10","date_gmt":"2026-02-05T22:10:10","guid":{"rendered":"https:\/\/dicodi.cl\/allmedica\/?post_type=product&#038;p=30428"},"modified":"2026-02-05T22:10:13","modified_gmt":"2026-02-05T22:10:13","slug":"lapiz-marcador-de-piel-esteril-set-10-unid","status":"publish","type":"product","link":"https:\/\/dicodi.cl\/allmedica\/producto\/lapiz-marcador-de-piel-esteril-set-10-unid\/","title":{"rendered":"L\u00e1piz Marcador de Piel Est\u00e9ril Set 10 Unid."},"content":{"rendered":"<p>L\u00e1piz Marcador Quir\u00fargico, alta calidad Eropea<\/p>\n","protected":false},"excerpt":{"rendered":"<p><strong>COD:<\/strong> RQ01<br \/>\n<strong>MARCA:<\/strong> TELIC<br \/>\n<strong>MODELO:<\/strong> RQ01<\/p>\n","protected":false},"featured_media":29138,"template":"","meta":[],"product_brand":[],"product_cat":[142,128,150],"product_tag":[],"class_list":{"0":"post-30428","1":"product","2":"type-product","3":"status-publish","4":"has-post-thumbnail","6":"product_cat-accesorios-electrocirugia-cirugia-equipos-e-insumos-9","7":"product_cat-cirugia-equipos-e-insumos","8":"product_cat-lapiz-marcador-accesorios-electrocirugia-cirugia-equipos-e-insumos-9","10":"first","11":"instock","12":"downloadable","13":"purchasable","14":"product-type-simple"},"_links":{"self":[{"href":"https:\/\/dicodi.cl\/allmedica\/wp-json\/wp\/v2\/product\/30428","targetHints":{"allow":["GET"]}}],"collection":[{"href":"https:\/\/dicodi.cl\/allmedica\/wp-json\/wp\/v2\/product"}],"about":[{"href":"https:\/\/dicodi.cl\/allmedica\/wp-json\/wp\/v2\/types\/product"}],"wp:featuredmedia":[{"embeddable":true,"href":"https:\/\/dicodi.cl\/allmedica\/wp-json\/wp\/v2\/media\/29138"}],"wp:attachment":[{"href":"https:\/\/dicodi.cl\/allmedica\/wp-json\/wp\/v2\/media?parent=30428"}],"wp:term":[{"taxonomy":"product_brand","embeddable":true,"href":"https:\/\/dicodi.cl\/allmedica\/wp-json\/wp\/v2\/product_brand?post=30428"},{"taxonomy":"product_cat","embeddable":true,"href":"https:\/\/dicodi.cl\/allmedica\/wp-json\/wp\/v2\/product_cat?post=30428"},{"taxonomy":"product_tag","embeddable":true,"href":"https:\/\/dicodi.cl\/allmedica\/wp-json\/wp\/v2\/product_tag?post=30428"}],"curies":[{"name":"wp","href":"https:\/\/api.w.org\/{rel}","templated":true}]}}