{"id":30429,"date":"2026-02-05T22:10:10","date_gmt":"2026-02-05T22:10:10","guid":{"rendered":"https:\/\/dicodi.cl\/allmedica\/?post_type=product&#038;p=30429"},"modified":"2026-02-05T22:10:13","modified_gmt":"2026-02-05T22:10:13","slug":"lapiz-para-electrobisturi-reusable-30-usos","status":"publish","type":"product","link":"https:\/\/dicodi.cl\/allmedica\/producto\/lapiz-para-electrobisturi-reusable-30-usos\/","title":{"rendered":"L\u00e1piz para Electrobistur\u00ed Reusable 30 Usos"},"content":{"rendered":"<p>L\u00e1piz Reusable Autoclavable de alta calidad.<\/p>\n","protected":false},"excerpt":{"rendered":"<p><strong>COD:<\/strong> OBS0049D<br \/>\n<strong>MARCA:<\/strong> OBS<br \/>\n<strong>MODELO:<\/strong> OBS0049D<\/p>\n","protected":false},"featured_media":29140,"template":"","meta":[],"product_brand":[],"product_cat":[142,128,149],"product_tag":[],"class_list":{"0":"post-30429","1":"product","2":"type-product","3":"status-publish","4":"has-post-thumbnail","6":"product_cat-accesorios-electrocirugia-cirugia-equipos-e-insumos-9","7":"product_cat-cirugia-equipos-e-insumos","8":"product_cat-lapiz-electrocirugia-accesorios-electrocirugia-cirugia-equipos-e-insumos-9","10":"first","11":"instock","12":"purchasable","13":"product-type-simple"},"_links":{"self":[{"href":"https:\/\/dicodi.cl\/allmedica\/wp-json\/wp\/v2\/product\/30429","targetHints":{"allow":["GET"]}}],"collection":[{"href":"https:\/\/dicodi.cl\/allmedica\/wp-json\/wp\/v2\/product"}],"about":[{"href":"https:\/\/dicodi.cl\/allmedica\/wp-json\/wp\/v2\/types\/product"}],"wp:featuredmedia":[{"embeddable":true,"href":"https:\/\/dicodi.cl\/allmedica\/wp-json\/wp\/v2\/media\/29140"}],"wp:attachment":[{"href":"https:\/\/dicodi.cl\/allmedica\/wp-json\/wp\/v2\/media?parent=30429"}],"wp:term":[{"taxonomy":"product_brand","embeddable":true,"href":"https:\/\/dicodi.cl\/allmedica\/wp-json\/wp\/v2\/product_brand?post=30429"},{"taxonomy":"product_cat","embeddable":true,"href":"https:\/\/dicodi.cl\/allmedica\/wp-json\/wp\/v2\/product_cat?post=30429"},{"taxonomy":"product_tag","embeddable":true,"href":"https:\/\/dicodi.cl\/allmedica\/wp-json\/wp\/v2\/product_tag?post=30429"}],"curies":[{"name":"wp","href":"https:\/\/api.w.org\/{rel}","templated":true}]}}