{"id":30435,"date":"2026-02-05T22:10:11","date_gmt":"2026-02-05T22:10:11","guid":{"rendered":"https:\/\/dicodi.cl\/allmedica\/?post_type=product&#038;p=30435"},"modified":"2026-02-05T22:10:13","modified_gmt":"2026-02-05T22:10:13","slug":"apurador-de-fluidos-con-manometro","status":"publish","type":"product","link":"https:\/\/dicodi.cl\/allmedica\/producto\/apurador-de-fluidos-con-manometro\/","title":{"rendered":"Apurador de Fluidos con Man\u00f3metro"},"content":{"rendered":"<p>Apurador de fluido con man\u00f3metro de 500 y 1000 ml, producto garantizado, libre de l\u00e1tex, uso en un solo paciente, no est\u00e9ril, evita contaminaci\u00f3n cruzada<\/p>\n","protected":false},"excerpt":{"rendered":"<p><strong>COD:<\/strong> CF1701MA<br \/>\n<strong>MARCA:<\/strong> GREATMADE<br \/>\n<strong>MODELO:<\/strong> CF1701MA<\/p>\n","protected":false},"featured_media":29152,"template":"","meta":[],"product_brand":[],"product_cat":[147,128],"product_tag":[],"class_list":{"0":"post-30435","1":"product","2":"type-product","3":"status-publish","4":"has-post-thumbnail","6":"product_cat-apurador-de-fluidos","7":"product_cat-cirugia-equipos-e-insumos","9":"first","10":"instock","11":"product-type-simple"},"_links":{"self":[{"href":"https:\/\/dicodi.cl\/allmedica\/wp-json\/wp\/v2\/product\/30435","targetHints":{"allow":["GET"]}}],"collection":[{"href":"https:\/\/dicodi.cl\/allmedica\/wp-json\/wp\/v2\/product"}],"about":[{"href":"https:\/\/dicodi.cl\/allmedica\/wp-json\/wp\/v2\/types\/product"}],"wp:featuredmedia":[{"embeddable":true,"href":"https:\/\/dicodi.cl\/allmedica\/wp-json\/wp\/v2\/media\/29152"}],"wp:attachment":[{"href":"https:\/\/dicodi.cl\/allmedica\/wp-json\/wp\/v2\/media?parent=30435"}],"wp:term":[{"taxonomy":"product_brand","embeddable":true,"href":"https:\/\/dicodi.cl\/allmedica\/wp-json\/wp\/v2\/product_brand?post=30435"},{"taxonomy":"product_cat","embeddable":true,"href":"https:\/\/dicodi.cl\/allmedica\/wp-json\/wp\/v2\/product_cat?post=30435"},{"taxonomy":"product_tag","embeddable":true,"href":"https:\/\/dicodi.cl\/allmedica\/wp-json\/wp\/v2\/product_tag?post=30435"}],"curies":[{"name":"wp","href":"https:\/\/api.w.org\/{rel}","templated":true}]}}