{"id":30438,"date":"2026-02-05T22:10:11","date_gmt":"2026-02-05T22:10:11","guid":{"rendered":"https:\/\/dicodi.cl\/allmedica\/?post_type=product&#038;p=30438"},"modified":"2026-02-05T22:10:13","modified_gmt":"2026-02-05T22:10:13","slug":"bomba-de-aspiracion-portatil-con-bateria","status":"publish","type":"product","link":"https:\/\/dicodi.cl\/allmedica\/producto\/bomba-de-aspiracion-portatil-con-bateria\/","title":{"rendered":"Bomba de Aspiraci\u00f3n Port\u00e1til con Bater\u00eda"},"content":{"rendered":"<p>Bomba Aspiraci\u00f3n Port\u00e1til Yuwell Modelo 7e-D con Bater\u00eda, es un producto de \u00faltima generaci\u00f3n, trabaja sin aceite para mantener tu ambiente libre de contaminaci\u00f3n. Es adecuado para la aspiraci\u00f3n de flema en la garganta de pacientes enfermos, en coma o durante una operaci\u00f3n.<\/p>\n","protected":false},"excerpt":{"rendered":"<p><strong>COD:<\/strong> YU7ED <br \/> <strong>MARCA:<\/strong> YUWELL <br \/> <strong>MODELO:<\/strong> YU7ED<\/p>\n","protected":false},"featured_media":29159,"template":"","meta":[],"product_brand":[],"product_cat":[148,128],"product_tag":[],"class_list":{"0":"post-30438","1":"product","2":"type-product","3":"status-publish","4":"has-post-thumbnail","6":"product_cat-bomba-de-aspiracion","7":"product_cat-cirugia-equipos-e-insumos","9":"first","10":"instock","11":"purchasable","12":"product-type-simple"},"_links":{"self":[{"href":"https:\/\/dicodi.cl\/allmedica\/wp-json\/wp\/v2\/product\/30438","targetHints":{"allow":["GET"]}}],"collection":[{"href":"https:\/\/dicodi.cl\/allmedica\/wp-json\/wp\/v2\/product"}],"about":[{"href":"https:\/\/dicodi.cl\/allmedica\/wp-json\/wp\/v2\/types\/product"}],"wp:featuredmedia":[{"embeddable":true,"href":"https:\/\/dicodi.cl\/allmedica\/wp-json\/wp\/v2\/media\/29159"}],"wp:attachment":[{"href":"https:\/\/dicodi.cl\/allmedica\/wp-json\/wp\/v2\/media?parent=30438"}],"wp:term":[{"taxonomy":"product_brand","embeddable":true,"href":"https:\/\/dicodi.cl\/allmedica\/wp-json\/wp\/v2\/product_brand?post=30438"},{"taxonomy":"product_cat","embeddable":true,"href":"https:\/\/dicodi.cl\/allmedica\/wp-json\/wp\/v2\/product_cat?post=30438"},{"taxonomy":"product_tag","embeddable":true,"href":"https:\/\/dicodi.cl\/allmedica\/wp-json\/wp\/v2\/product_tag?post=30438"}],"curies":[{"name":"wp","href":"https:\/\/api.w.org\/{rel}","templated":true}]}}