{"id":30469,"date":"2026-02-05T22:10:15","date_gmt":"2026-02-05T22:10:15","guid":{"rendered":"https:\/\/dicodi.cl\/allmedica\/?post_type=product&#038;p=30469"},"modified":"2026-02-05T22:10:17","modified_gmt":"2026-02-05T22:10:17","slug":"bomba-de-aspiracion","status":"publish","type":"product","link":"https:\/\/dicodi.cl\/allmedica\/producto\/bomba-de-aspiracion\/","title":{"rendered":"Bomba de Aspiraci\u00f3n"},"content":{"rendered":"<p>El 7A-23B es f\u00e1cil de transportar y de poco ruido, con alta presi\u00f3n negativa y gran flujo. Se puede aplicar ampliamente en operaciones quir\u00fargicas que deben absorber flema, l\u00edquido espeso, etc<\/p>\n","protected":false},"excerpt":{"rendered":"<p><strong>COD:<\/strong> YU7A23B <br \/> <strong>MARCA:<\/strong> YUWELL <br \/> <strong>MODELO:<\/strong> YU7A23B<\/p>\n","protected":false},"featured_media":29161,"template":"","meta":[],"product_brand":[],"product_cat":[148,128],"product_tag":[],"class_list":{"0":"post-30469","1":"product","2":"type-product","3":"status-publish","4":"has-post-thumbnail","6":"product_cat-bomba-de-aspiracion","7":"product_cat-cirugia-equipos-e-insumos","9":"first","10":"instock","11":"product-type-simple"},"_links":{"self":[{"href":"https:\/\/dicodi.cl\/allmedica\/wp-json\/wp\/v2\/product\/30469","targetHints":{"allow":["GET"]}}],"collection":[{"href":"https:\/\/dicodi.cl\/allmedica\/wp-json\/wp\/v2\/product"}],"about":[{"href":"https:\/\/dicodi.cl\/allmedica\/wp-json\/wp\/v2\/types\/product"}],"wp:featuredmedia":[{"embeddable":true,"href":"https:\/\/dicodi.cl\/allmedica\/wp-json\/wp\/v2\/media\/29161"}],"wp:attachment":[{"href":"https:\/\/dicodi.cl\/allmedica\/wp-json\/wp\/v2\/media?parent=30469"}],"wp:term":[{"taxonomy":"product_brand","embeddable":true,"href":"https:\/\/dicodi.cl\/allmedica\/wp-json\/wp\/v2\/product_brand?post=30469"},{"taxonomy":"product_cat","embeddable":true,"href":"https:\/\/dicodi.cl\/allmedica\/wp-json\/wp\/v2\/product_cat?post=30469"},{"taxonomy":"product_tag","embeddable":true,"href":"https:\/\/dicodi.cl\/allmedica\/wp-json\/wp\/v2\/product_tag?post=30469"}],"curies":[{"name":"wp","href":"https:\/\/api.w.org\/{rel}","templated":true}]}}