{"id":30474,"date":"2026-02-05T22:10:16","date_gmt":"2026-02-05T22:10:16","guid":{"rendered":"https:\/\/dicodi.cl\/allmedica\/?post_type=product&#038;p=30474"},"modified":"2026-02-05T22:10:17","modified_gmt":"2026-02-05T22:10:17","slug":"resucitador-manual-desechable-adulto-con-reservorio","status":"publish","type":"product","link":"https:\/\/dicodi.cl\/allmedica\/producto\/resucitador-manual-desechable-adulto-con-reservorio\/","title":{"rendered":"Resucitador Manual Desechable Adulto con Reservorio"},"content":{"rendered":"<p>Resucitador Manual Desechable Adulto con Reservorio<\/p>\n<p>El resucitador manual de PVC se utiliza principalmente para reanimaci\u00f3n cardiopulmonar y asistencia respiratoria artificial general, de modo que el paciente pueda mantener la respiraci\u00f3n normal poco antes de la recuperaci\u00f3n.<br \/>\nEst\u00e1ndar con bolsa de reservorio de EVA, m\u00e1scara de PVC, tubo de ox\u00edgeno;<br \/>\nLos accesorios tales como boquillas, v\u00edas respiratorias orofar\u00edngeas y correas de elevaci\u00f3n se pueden seleccionar libremente;<br \/>\nMaterial de PVC 100% de grado m\u00e9dico; sin l\u00e1tex.<\/p>\n","protected":false},"excerpt":{"rendered":"<p><strong>COD:<\/strong> ALL-HP94211A<br \/>\n<strong>MARCA:<\/strong> HEADST<br \/>\n<strong>MODELO:<\/strong> HP94211A<\/p>\n","protected":false},"featured_media":29187,"template":"","meta":[],"product_brand":[],"product_cat":[128,157,102,156],"product_tag":[158,159,160,161,162,163],"class_list":{"0":"post-30474","1":"product","2":"type-product","3":"status-publish","4":"has-post-thumbnail","6":"product_cat-cirugia-equipos-e-insumos","7":"product_cat-desechables","8":"product_cat-ofertas","9":"product_cat-resucitadores-manuales","10":"product_tag-ambu","11":"product_tag-resucitador","12":"product_tag-resucitador-adulto","13":"product_tag-resucitador-desechable","14":"product_tag-resucitador-desechable-adulto","15":"product_tag-resucitador-manual-desechable","17":"first","18":"outofstock","19":"product-type-simple"},"_links":{"self":[{"href":"https:\/\/dicodi.cl\/allmedica\/wp-json\/wp\/v2\/product\/30474","targetHints":{"allow":["GET"]}}],"collection":[{"href":"https:\/\/dicodi.cl\/allmedica\/wp-json\/wp\/v2\/product"}],"about":[{"href":"https:\/\/dicodi.cl\/allmedica\/wp-json\/wp\/v2\/types\/product"}],"wp:featuredmedia":[{"embeddable":true,"href":"https:\/\/dicodi.cl\/allmedica\/wp-json\/wp\/v2\/media\/29187"}],"wp:attachment":[{"href":"https:\/\/dicodi.cl\/allmedica\/wp-json\/wp\/v2\/media?parent=30474"}],"wp:term":[{"taxonomy":"product_brand","embeddable":true,"href":"https:\/\/dicodi.cl\/allmedica\/wp-json\/wp\/v2\/product_brand?post=30474"},{"taxonomy":"product_cat","embeddable":true,"href":"https:\/\/dicodi.cl\/allmedica\/wp-json\/wp\/v2\/product_cat?post=30474"},{"taxonomy":"product_tag","embeddable":true,"href":"https:\/\/dicodi.cl\/allmedica\/wp-json\/wp\/v2\/product_tag?post=30474"}],"curies":[{"name":"wp","href":"https:\/\/api.w.org\/{rel}","templated":true}]}}