{"id":30478,"date":"2026-02-05T22:10:16","date_gmt":"2026-02-05T22:10:16","guid":{"rendered":"https:\/\/dicodi.cl\/allmedica\/?post_type=product&#038;p=30478"},"modified":"2026-02-09T19:39:28","modified_gmt":"2026-02-09T19:39:28","slug":"video-laringoscopio-reusable-besdata-bd-df","status":"publish","type":"product","link":"https:\/\/dicodi.cl\/allmedica\/producto\/video-laringoscopio-reusable-besdata-bd-df\/","title":{"rendered":"Video Laringoscopio Reusable Besdata BD-DF"},"content":{"rendered":"<p>Video Laringoscopio Reusable Besdata BD-DF , Tres hojas reusables N\u00b0 2 &#8211; 3 &#8211; 4<\/p>\n<p>El videolaringoscopio BESDATA utiliza la tecnolog\u00eda de c\u00e1mara CMOS m\u00e1s optimizada para facilitarle la intubaci\u00f3n. La luz LED blanca inteligente antiniebla y la c\u00e1mara CMOS ofrecen un mayor campo de visi\u00f3n de 60\u00b0, mientras que los laringoscopios directos tradicionales s\u00f3lo ofrecen 15\u00b0. Puede guardar f\u00e1cilmente su videolaringoscopio BESDATA en los coches de rescate de emergencia, salas de operaciones y salas de urgencias. Puede instalar videolaringoscopios con pantalla de 7 pulgadas en la UCI, la UCIN, y tambi\u00e9n puede mejorar la experiencia de formaci\u00f3n de los anestesistas y otro personal.<\/p>\n<p>&nbsp;<\/p>\n","protected":false},"excerpt":{"rendered":"<p><strong>COD:<\/strong> BD-DF<br \/>\n<strong>MARCA:<\/strong> BESDATA<br \/>\n<strong>MODELO:<\/strong> BD-DF<\/p>\n","protected":false},"featured_media":29195,"template":"","meta":[],"product_brand":[],"product_cat":[128,508,167],"product_tag":[168,169],"class_list":{"0":"post-30478","1":"product","2":"type-product","3":"status-publish","4":"has-post-thumbnail","6":"product_cat-cirugia-equipos-e-insumos","7":"product_cat-ofertas-especiales","8":"product_cat-video-laringoscopio","9":"product_tag-video-laringo","10":"product_tag-video-laringoscopio","12":"first","13":"instock","14":"product-type-simple"},"_links":{"self":[{"href":"https:\/\/dicodi.cl\/allmedica\/wp-json\/wp\/v2\/product\/30478","targetHints":{"allow":["GET"]}}],"collection":[{"href":"https:\/\/dicodi.cl\/allmedica\/wp-json\/wp\/v2\/product"}],"about":[{"href":"https:\/\/dicodi.cl\/allmedica\/wp-json\/wp\/v2\/types\/product"}],"wp:featuredmedia":[{"embeddable":true,"href":"https:\/\/dicodi.cl\/allmedica\/wp-json\/wp\/v2\/media\/29195"}],"wp:attachment":[{"href":"https:\/\/dicodi.cl\/allmedica\/wp-json\/wp\/v2\/media?parent=30478"}],"wp:term":[{"taxonomy":"product_brand","embeddable":true,"href":"https:\/\/dicodi.cl\/allmedica\/wp-json\/wp\/v2\/product_brand?post=30478"},{"taxonomy":"product_cat","embeddable":true,"href":"https:\/\/dicodi.cl\/allmedica\/wp-json\/wp\/v2\/product_cat?post=30478"},{"taxonomy":"product_tag","embeddable":true,"href":"https:\/\/dicodi.cl\/allmedica\/wp-json\/wp\/v2\/product_tag?post=30478"}],"curies":[{"name":"wp","href":"https:\/\/api.w.org\/{rel}","templated":true}]}}