{"id":30479,"date":"2026-02-05T22:10:16","date_gmt":"2026-02-05T22:10:16","guid":{"rendered":"https:\/\/dicodi.cl\/allmedica\/?post_type=product&#038;p=30479"},"modified":"2026-02-05T22:10:18","modified_gmt":"2026-02-05T22:10:18","slug":"mesa-quirurgica-universal-electrica","status":"publish","type":"product","link":"https:\/\/dicodi.cl\/allmedica\/producto\/mesa-quirurgica-universal-electrica\/","title":{"rendered":"Mesa Quir\u00fargica Universal El\u00e9ctrica"},"content":{"rendered":"<p>Mesa Quir\u00fargica Universal El\u00e9ctrica<\/p>\n<p>Dise\u00f1ado para escenas quir\u00fargicas cada vez m\u00e1s complejas, HFEOT99X NEW viene con un sistema de control autom\u00e1tico inteligente que satisface diversas demandas de cirug\u00edas generales. Deslizamiento longitudinal de hasta 350 mm para acceso libre al arco en C.<br \/>\nCapacidad de carga de peso extremo de 250 kg con la m\u00e1xima seguridad y estabilidad. Bloc de memoria con dise\u00f1o antiest\u00e1tico e impermeable. El control del panel de anulaci\u00f3n est\u00e1ndar hace que el control sea m\u00e1s seguro.<\/p>\n<p>Longitud \/ Ancho: 2100 mm \/ 550 mm<br \/>\nElevaci\u00f3n (arriba \/ abajo): 700 mm \/ 1000 mm<br \/>\nTrendelenburg: \u226525 \u00b0<br \/>\nTrendelenburg inverso: \u226525 \u00b0<br \/>\nInclinaci\u00f3n lateral (izquierda \/ derecha): 15 \u00b0 \/ 15 \u00b0<br \/>\nReposacabezas (arriba \/ abajo): 45 \u00b0 \/ 90 \u00b0<br \/>\nReposapi\u00e9s (arriba \/ abajo y posicionamiento horizontal): 90 \u00b0 90 \u00b0 15 \u00b0<br \/>\nPlaca trasera (arriba \/ abajo): 85 \u00b0 \/ 20 \u00b0<br \/>\nPuente del ri\u00f1\u00f3n: 110 mm<br \/>\nDeslizamiento: 350 mm<br \/>\nEnerg\u00eda: 220v, 50Hz, 1.0kW<\/p>\n","protected":false},"excerpt":{"rendered":"<p><strong>COD:<\/strong> ALL-HFEOT99X<br \/>\n<strong>MARCA:<\/strong> HF<br \/>\n<strong>MODELO:<\/strong> HFEOT99X<\/p>\n","protected":false},"featured_media":29197,"template":"","meta":[],"product_brand":[],"product_cat":[128,170],"product_tag":[171,172,173,174],"class_list":{"0":"post-30479","1":"product","2":"type-product","3":"status-publish","4":"has-post-thumbnail","6":"product_cat-cirugia-equipos-e-insumos","7":"product_cat-mesa-quirurgica","8":"product_tag-mesa-operaciones","9":"product_tag-mesa-quirurgica","10":"product_tag-mesa-quirurgica-universal","11":"product_tag-mesas-quirurgicas","13":"first","14":"instock","15":"product-type-simple"},"_links":{"self":[{"href":"https:\/\/dicodi.cl\/allmedica\/wp-json\/wp\/v2\/product\/30479","targetHints":{"allow":["GET"]}}],"collection":[{"href":"https:\/\/dicodi.cl\/allmedica\/wp-json\/wp\/v2\/product"}],"about":[{"href":"https:\/\/dicodi.cl\/allmedica\/wp-json\/wp\/v2\/types\/product"}],"wp:featuredmedia":[{"embeddable":true,"href":"https:\/\/dicodi.cl\/allmedica\/wp-json\/wp\/v2\/media\/29197"}],"wp:attachment":[{"href":"https:\/\/dicodi.cl\/allmedica\/wp-json\/wp\/v2\/media?parent=30479"}],"wp:term":[{"taxonomy":"product_brand","embeddable":true,"href":"https:\/\/dicodi.cl\/allmedica\/wp-json\/wp\/v2\/product_brand?post=30479"},{"taxonomy":"product_cat","embeddable":true,"href":"https:\/\/dicodi.cl\/allmedica\/wp-json\/wp\/v2\/product_cat?post=30479"},{"taxonomy":"product_tag","embeddable":true,"href":"https:\/\/dicodi.cl\/allmedica\/wp-json\/wp\/v2\/product_tag?post=30479"}],"curies":[{"name":"wp","href":"https:\/\/api.w.org\/{rel}","templated":true}]}}