{"id":30481,"date":"2026-02-05T22:10:16","date_gmt":"2026-02-05T22:10:16","guid":{"rendered":"https:\/\/dicodi.cl\/allmedica\/?post_type=product&#038;p=30481"},"modified":"2026-02-05T22:10:18","modified_gmt":"2026-02-05T22:10:18","slug":"toma-presion-digital-omron-7142","status":"publish","type":"product","link":"https:\/\/dicodi.cl\/allmedica\/producto\/toma-presion-digital-omron-7142\/","title":{"rendered":"Toma Presi\u00f3n Digital Omron 7142"},"content":{"rendered":"<p>Toma Presi\u00f3n Omron Hem 7142 Control realiza lecturas de la presi\u00f3n sist\u00f3lica, presi\u00f3n diast\u00f3lica y del pulso, alerta al usuario cuando se detecta hipertensi\u00f3n. Debido a su Detector de Latido Irregular te\u00a0 alerta la presencia de latidos irregulares potencialmente peligrosos. EL Brazalete del Omron Hem 7142 es universal Cubre un amplio rango de circunferencias de brazo, es c\u00f3modo, f\u00e1cil de usar y est\u00e1 dise\u00f1ado para ajustarse a brazos con una circunferencia de 22 a 42 cm.<\/p>\n","protected":false},"excerpt":{"rendered":"<p><strong>COD:<\/strong> HEM7142<br \/>\n<strong>MARCA:<\/strong> OMRON<br \/>\n<strong>MODELO:<\/strong> HEM7142<\/p>\n","protected":false},"featured_media":29201,"template":"","meta":[],"product_brand":[],"product_cat":[175,182,176],"product_tag":[],"class_list":{"0":"post-30481","1":"product","2":"type-product","3":"status-publish","4":"has-post-thumbnail","6":"product_cat-diagnostico-y-procedimiento","7":"product_cat-digital-esfigmomanometros","8":"product_cat-esfigmomanometros","10":"first","11":"instock","12":"purchasable","13":"product-type-simple"},"_links":{"self":[{"href":"https:\/\/dicodi.cl\/allmedica\/wp-json\/wp\/v2\/product\/30481","targetHints":{"allow":["GET"]}}],"collection":[{"href":"https:\/\/dicodi.cl\/allmedica\/wp-json\/wp\/v2\/product"}],"about":[{"href":"https:\/\/dicodi.cl\/allmedica\/wp-json\/wp\/v2\/types\/product"}],"wp:featuredmedia":[{"embeddable":true,"href":"https:\/\/dicodi.cl\/allmedica\/wp-json\/wp\/v2\/media\/29201"}],"wp:attachment":[{"href":"https:\/\/dicodi.cl\/allmedica\/wp-json\/wp\/v2\/media?parent=30481"}],"wp:term":[{"taxonomy":"product_brand","embeddable":true,"href":"https:\/\/dicodi.cl\/allmedica\/wp-json\/wp\/v2\/product_brand?post=30481"},{"taxonomy":"product_cat","embeddable":true,"href":"https:\/\/dicodi.cl\/allmedica\/wp-json\/wp\/v2\/product_cat?post=30481"},{"taxonomy":"product_tag","embeddable":true,"href":"https:\/\/dicodi.cl\/allmedica\/wp-json\/wp\/v2\/product_tag?post=30481"}],"curies":[{"name":"wp","href":"https:\/\/api.w.org\/{rel}","templated":true}]}}