{"id":30488,"date":"2026-02-05T22:10:16","date_gmt":"2026-02-05T22:10:16","guid":{"rendered":"https:\/\/dicodi.cl\/allmedica\/?post_type=product&#038;p=30488"},"modified":"2026-02-05T22:10:18","modified_gmt":"2026-02-05T22:10:18","slug":"toma-presion-automatico","status":"publish","type":"product","link":"https:\/\/dicodi.cl\/allmedica\/producto\/toma-presion-automatico\/","title":{"rendered":"Toma Presi\u00f3n Autom\u00e1tico"},"content":{"rendered":"<p>Yuwell YE 680E es un medidor digital que mide la presi\u00f3n arterial y la frecuencia card\u00edaca en la parte superior del brazo.\u00a0El Tens\u00edmetro Yuwell YE 680E est\u00e1 equipado con caracter\u00edsticas atractivas, una de las cuales es la tecnolog\u00eda Intellisense que garantiza una medici\u00f3n de la presi\u00f3n arterial precisa, r\u00e1pida y c\u00f3moda.<\/p>\n","protected":false},"excerpt":{"rendered":"<p><strong>COD:<\/strong> YE680E<br \/>\n<strong>MARCA:<\/strong> YUWELL<br \/>\n<strong>MODELO:<\/strong> YE680E<\/p>\n","protected":false},"featured_media":29233,"template":"","meta":[],"product_brand":[],"product_cat":[175,182,176],"product_tag":[],"class_list":{"0":"post-30488","1":"product","2":"type-product","3":"status-publish","4":"has-post-thumbnail","6":"product_cat-diagnostico-y-procedimiento","7":"product_cat-digital-esfigmomanometros","8":"product_cat-esfigmomanometros","10":"first","11":"instock","12":"product-type-simple"},"_links":{"self":[{"href":"https:\/\/dicodi.cl\/allmedica\/wp-json\/wp\/v2\/product\/30488","targetHints":{"allow":["GET"]}}],"collection":[{"href":"https:\/\/dicodi.cl\/allmedica\/wp-json\/wp\/v2\/product"}],"about":[{"href":"https:\/\/dicodi.cl\/allmedica\/wp-json\/wp\/v2\/types\/product"}],"wp:featuredmedia":[{"embeddable":true,"href":"https:\/\/dicodi.cl\/allmedica\/wp-json\/wp\/v2\/media\/29233"}],"wp:attachment":[{"href":"https:\/\/dicodi.cl\/allmedica\/wp-json\/wp\/v2\/media?parent=30488"}],"wp:term":[{"taxonomy":"product_brand","embeddable":true,"href":"https:\/\/dicodi.cl\/allmedica\/wp-json\/wp\/v2\/product_brand?post=30488"},{"taxonomy":"product_cat","embeddable":true,"href":"https:\/\/dicodi.cl\/allmedica\/wp-json\/wp\/v2\/product_cat?post=30488"},{"taxonomy":"product_tag","embeddable":true,"href":"https:\/\/dicodi.cl\/allmedica\/wp-json\/wp\/v2\/product_tag?post=30488"}],"curies":[{"name":"wp","href":"https:\/\/api.w.org\/{rel}","templated":true}]}}