{"id":30492,"date":"2026-02-05T22:10:17","date_gmt":"2026-02-05T22:10:17","guid":{"rendered":"https:\/\/dicodi.cl\/allmedica\/?post_type=product&#038;p=30492"},"modified":"2026-02-05T22:10:19","modified_gmt":"2026-02-05T22:10:19","slug":"oximetro-pulso-dedo-adulto","status":"publish","type":"product","link":"https:\/\/dicodi.cl\/allmedica\/producto\/oximetro-pulso-dedo-adulto\/","title":{"rendered":"Ox\u00edmetro Pulso Dedo Adulto"},"content":{"rendered":"<p>Ox\u00edmetro Pulso Dedo Adulto<\/p>\n<p>El Ox\u00edmetro de pulso es un dispositivo muy importante y com\u00fan para controlar el nivel de saturaci\u00f3n de ox\u00edgeno en la sangre y el pulso.<\/p>\n<p>Este dispositivo de supervisi\u00f3n peque\u00f1o, compacto, sencillo, confiable y durable realza enormemente el cuidado del paciente.<\/p>\n<p>Se utiliza siempre en cl\u00ednicas, hospitales, centros m\u00e9dicos, primeros auxilios, rescate, odontolog\u00eda, cuidados en la casa, etc.<\/p>\n","protected":false},"excerpt":{"rendered":"<p><strong>COD:<\/strong> ALL-MD300C22<br \/>\n<strong>MARCA:<\/strong> CHOICEMMED<br \/>\n<strong>MODELO:<\/strong> MD300C22<\/p>\n","protected":false},"featured_media":29241,"template":"","meta":[],"product_brand":[],"product_cat":[175,188],"product_tag":[189,190,191,192,193,194,195,196],"class_list":{"0":"post-30492","1":"product","2":"type-product","3":"status-publish","4":"has-post-thumbnail","6":"product_cat-diagnostico-y-procedimiento","7":"product_cat-oximetros","8":"product_tag-oximetro-de-pulso","9":"product_tag-oximetro-de-pulso-de-dedo","10":"product_tag-oximetro-dedo","11":"product_tag-oximetro-dedo-precio","12":"product_tag-oximetro-digital","13":"product_tag-oximetro-saturometro","14":"product_tag-saturometro","15":"product_tag-saturometro-portatil","17":"first","18":"instock","19":"purchasable","20":"product-type-simple"},"_links":{"self":[{"href":"https:\/\/dicodi.cl\/allmedica\/wp-json\/wp\/v2\/product\/30492","targetHints":{"allow":["GET"]}}],"collection":[{"href":"https:\/\/dicodi.cl\/allmedica\/wp-json\/wp\/v2\/product"}],"about":[{"href":"https:\/\/dicodi.cl\/allmedica\/wp-json\/wp\/v2\/types\/product"}],"wp:featuredmedia":[{"embeddable":true,"href":"https:\/\/dicodi.cl\/allmedica\/wp-json\/wp\/v2\/media\/29241"}],"wp:attachment":[{"href":"https:\/\/dicodi.cl\/allmedica\/wp-json\/wp\/v2\/media?parent=30492"}],"wp:term":[{"taxonomy":"product_brand","embeddable":true,"href":"https:\/\/dicodi.cl\/allmedica\/wp-json\/wp\/v2\/product_brand?post=30492"},{"taxonomy":"product_cat","embeddable":true,"href":"https:\/\/dicodi.cl\/allmedica\/wp-json\/wp\/v2\/product_cat?post=30492"},{"taxonomy":"product_tag","embeddable":true,"href":"https:\/\/dicodi.cl\/allmedica\/wp-json\/wp\/v2\/product_tag?post=30492"}],"curies":[{"name":"wp","href":"https:\/\/api.w.org\/{rel}","templated":true}]}}