{"id":30495,"date":"2026-02-05T22:10:17","date_gmt":"2026-02-05T22:10:17","guid":{"rendered":"https:\/\/dicodi.cl\/allmedica\/?post_type=product&#038;p=30495"},"modified":"2026-02-05T22:10:19","modified_gmt":"2026-02-05T22:10:19","slug":"oximetro-de-pulso-veterinaria","status":"publish","type":"product","link":"https:\/\/dicodi.cl\/allmedica\/producto\/oximetro-de-pulso-veterinaria\/","title":{"rendered":"Ox\u00edmetro de Pulso Veterinaria"},"content":{"rendered":"<p>Ox\u00edmetro port\u00e1til veterinaria<\/p>\n<p>Con sensor multisitio<\/p>\n<p>Clip lingual<\/p>\n<p>Cargador<\/p>\n","protected":false},"excerpt":{"rendered":"<p><strong>COD:<\/strong> ALL-SP-20<br \/>\n<strong>MARCA:<\/strong> SHCREA<br \/>\n<strong>MODELO:<\/strong> SP-20 VET<\/p>\n","protected":false},"featured_media":29247,"template":"","meta":[],"product_brand":[],"product_cat":[175,188,197],"product_tag":[],"class_list":{"0":"post-30495","1":"product","2":"type-product","3":"status-publish","4":"has-post-thumbnail","6":"product_cat-diagnostico-y-procedimiento","7":"product_cat-oximetros","8":"product_cat-veterinaria-oximetros","10":"first","11":"instock","12":"product-type-simple"},"_links":{"self":[{"href":"https:\/\/dicodi.cl\/allmedica\/wp-json\/wp\/v2\/product\/30495","targetHints":{"allow":["GET"]}}],"collection":[{"href":"https:\/\/dicodi.cl\/allmedica\/wp-json\/wp\/v2\/product"}],"about":[{"href":"https:\/\/dicodi.cl\/allmedica\/wp-json\/wp\/v2\/types\/product"}],"wp:featuredmedia":[{"embeddable":true,"href":"https:\/\/dicodi.cl\/allmedica\/wp-json\/wp\/v2\/media\/29247"}],"wp:attachment":[{"href":"https:\/\/dicodi.cl\/allmedica\/wp-json\/wp\/v2\/media?parent=30495"}],"wp:term":[{"taxonomy":"product_brand","embeddable":true,"href":"https:\/\/dicodi.cl\/allmedica\/wp-json\/wp\/v2\/product_brand?post=30495"},{"taxonomy":"product_cat","embeddable":true,"href":"https:\/\/dicodi.cl\/allmedica\/wp-json\/wp\/v2\/product_cat?post=30495"},{"taxonomy":"product_tag","embeddable":true,"href":"https:\/\/dicodi.cl\/allmedica\/wp-json\/wp\/v2\/product_tag?post=30495"}],"curies":[{"name":"wp","href":"https:\/\/api.w.org\/{rel}","templated":true}]}}