{"id":30496,"date":"2026-02-05T22:10:17","date_gmt":"2026-02-05T22:10:17","guid":{"rendered":"https:\/\/dicodi.cl\/allmedica\/?post_type=product&#038;p=30496"},"modified":"2026-02-05T22:10:19","modified_gmt":"2026-02-05T22:10:19","slug":"oximetro-pulso-digital","status":"publish","type":"product","link":"https:\/\/dicodi.cl\/allmedica\/producto\/oximetro-pulso-digital\/","title":{"rendered":"Ox\u00edmetro Pulso Digital"},"content":{"rendered":"<p>Equipo peque\u00f1o , vers\u00e1til de gran precisi\u00f3n ,liviano , con cinta para colgar (FDA)<\/p>\n","protected":false},"excerpt":{"rendered":"<p><strong>COD:<\/strong> PC60B<br \/>\n<strong>MARCA:<\/strong> CREATIVE<br \/>\n<strong>MODELO:<\/strong> PC60B<\/p>\n","protected":false},"featured_media":29249,"template":"","meta":[],"product_brand":[],"product_cat":[175,188],"product_tag":[],"class_list":{"0":"post-30496","1":"product","2":"type-product","3":"status-publish","4":"has-post-thumbnail","6":"product_cat-diagnostico-y-procedimiento","7":"product_cat-oximetros","9":"first","10":"instock","11":"product-type-simple"},"_links":{"self":[{"href":"https:\/\/dicodi.cl\/allmedica\/wp-json\/wp\/v2\/product\/30496","targetHints":{"allow":["GET"]}}],"collection":[{"href":"https:\/\/dicodi.cl\/allmedica\/wp-json\/wp\/v2\/product"}],"about":[{"href":"https:\/\/dicodi.cl\/allmedica\/wp-json\/wp\/v2\/types\/product"}],"wp:featuredmedia":[{"embeddable":true,"href":"https:\/\/dicodi.cl\/allmedica\/wp-json\/wp\/v2\/media\/29249"}],"wp:attachment":[{"href":"https:\/\/dicodi.cl\/allmedica\/wp-json\/wp\/v2\/media?parent=30496"}],"wp:term":[{"taxonomy":"product_brand","embeddable":true,"href":"https:\/\/dicodi.cl\/allmedica\/wp-json\/wp\/v2\/product_brand?post=30496"},{"taxonomy":"product_cat","embeddable":true,"href":"https:\/\/dicodi.cl\/allmedica\/wp-json\/wp\/v2\/product_cat?post=30496"},{"taxonomy":"product_tag","embeddable":true,"href":"https:\/\/dicodi.cl\/allmedica\/wp-json\/wp\/v2\/product_tag?post=30496"}],"curies":[{"name":"wp","href":"https:\/\/api.w.org\/{rel}","templated":true}]}}