{"id":30552,"date":"2026-02-05T22:10:21","date_gmt":"2026-02-05T22:10:21","guid":{"rendered":"https:\/\/dicodi.cl\/allmedica\/?post_type=product&#038;p=30552"},"modified":"2026-02-05T22:10:24","modified_gmt":"2026-02-05T22:10:24","slug":"guantes-plomados-miton","status":"publish","type":"product","link":"https:\/\/dicodi.cl\/allmedica\/producto\/guantes-plomados-miton\/","title":{"rendered":"Guantes Plomados Mit\u00f3n"},"content":{"rendered":"<p>Guantes Plomados Mit\u00f3n (par) para protecci\u00f3n de rayos X.<\/p>\n<p>&#8211; PB 0.5 mm plomo<br \/>\n&#8211; Color azul<br \/>\n&#8211; Limpieza con antis\u00e9ptico<br \/>\n&#8211; Marca MST<br \/>\n&#8211; ISO 9001\/13485<\/p>\n","protected":false},"excerpt":{"rendered":"<p><strong>COD:<\/strong> ALL-MST-010<br \/>\n<strong>MARCA:<\/strong> MST<br \/>\n<strong>MODELO:<\/strong> MST-010<\/p>\n","protected":false},"featured_media":29337,"template":"","meta":[],"product_brand":[],"product_cat":[261,221,255],"product_tag":[262,263,264,265],"class_list":{"0":"post-30552","1":"product","2":"type-product","3":"status-publish","4":"has-post-thumbnail","6":"product_cat-guantes-plomados","7":"product_cat-imagenologia","8":"product_cat-proteccion-radiologica","9":"product_tag-guantes-plomados","10":"product_tag-guantes-radiografia","11":"product_tag-guantes-radiograficos","12":"product_tag-proteccion-radiografico","14":"first","15":"instock","16":"product-type-simple"},"_links":{"self":[{"href":"https:\/\/dicodi.cl\/allmedica\/wp-json\/wp\/v2\/product\/30552","targetHints":{"allow":["GET"]}}],"collection":[{"href":"https:\/\/dicodi.cl\/allmedica\/wp-json\/wp\/v2\/product"}],"about":[{"href":"https:\/\/dicodi.cl\/allmedica\/wp-json\/wp\/v2\/types\/product"}],"wp:featuredmedia":[{"embeddable":true,"href":"https:\/\/dicodi.cl\/allmedica\/wp-json\/wp\/v2\/media\/29337"}],"wp:attachment":[{"href":"https:\/\/dicodi.cl\/allmedica\/wp-json\/wp\/v2\/media?parent=30552"}],"wp:term":[{"taxonomy":"product_brand","embeddable":true,"href":"https:\/\/dicodi.cl\/allmedica\/wp-json\/wp\/v2\/product_brand?post=30552"},{"taxonomy":"product_cat","embeddable":true,"href":"https:\/\/dicodi.cl\/allmedica\/wp-json\/wp\/v2\/product_cat?post=30552"},{"taxonomy":"product_tag","embeddable":true,"href":"https:\/\/dicodi.cl\/allmedica\/wp-json\/wp\/v2\/product_tag?post=30552"}],"curies":[{"name":"wp","href":"https:\/\/api.w.org\/{rel}","templated":true}]}}