{"id":30558,"date":"2026-02-05T22:10:22","date_gmt":"2026-02-05T22:10:22","guid":{"rendered":"https:\/\/dicodi.cl\/allmedica\/?post_type=product&#038;p=30558"},"modified":"2026-02-05T22:10:24","modified_gmt":"2026-02-05T22:10:24","slug":"ecografo-veterinario-portatil-welld-solo-importacion","status":"publish","type":"product","link":"https:\/\/dicodi.cl\/allmedica\/producto\/ecografo-veterinario-portatil-welld-solo-importacion\/","title":{"rendered":"Ec\u00f3grafo Veterinario Port\u00e1til Welld (solo Importaci\u00f3n)"},"content":{"rendered":"<p>Ec\u00f3grafo Veterinario Port\u00e1til,<\/p>\n<p>Aparato de diagn\u00f3stico de B-ultrasonido para animales Aplicaci\u00f3n Cl\u00ednica<\/p>\n<p>Se puede aplicar para diagnosticar caballos, vacas, ovejas, cerdo, perro y gato, etc.<\/p>\n","protected":false},"excerpt":{"rendered":"<p><strong>COD:<\/strong> WED180V<br \/>\n<strong>MARCA:<\/strong> WELLD<br \/>\n<strong>MODELO:<\/strong> WED-180-V<\/p>\n","protected":false},"featured_media":29349,"template":"","meta":[],"product_brand":[],"product_cat":[224,221,272],"product_tag":[],"class_list":{"0":"post-30558","1":"product","2":"type-product","3":"status-publish","4":"has-post-thumbnail","6":"product_cat-ecografos-de-ultrasonido","7":"product_cat-imagenologia","8":"product_cat-veterinaria-ecografos-de-ultrasonido","10":"first","11":"instock","12":"product-type-simple"},"_links":{"self":[{"href":"https:\/\/dicodi.cl\/allmedica\/wp-json\/wp\/v2\/product\/30558","targetHints":{"allow":["GET"]}}],"collection":[{"href":"https:\/\/dicodi.cl\/allmedica\/wp-json\/wp\/v2\/product"}],"about":[{"href":"https:\/\/dicodi.cl\/allmedica\/wp-json\/wp\/v2\/types\/product"}],"wp:featuredmedia":[{"embeddable":true,"href":"https:\/\/dicodi.cl\/allmedica\/wp-json\/wp\/v2\/media\/29349"}],"wp:attachment":[{"href":"https:\/\/dicodi.cl\/allmedica\/wp-json\/wp\/v2\/media?parent=30558"}],"wp:term":[{"taxonomy":"product_brand","embeddable":true,"href":"https:\/\/dicodi.cl\/allmedica\/wp-json\/wp\/v2\/product_brand?post=30558"},{"taxonomy":"product_cat","embeddable":true,"href":"https:\/\/dicodi.cl\/allmedica\/wp-json\/wp\/v2\/product_cat?post=30558"},{"taxonomy":"product_tag","embeddable":true,"href":"https:\/\/dicodi.cl\/allmedica\/wp-json\/wp\/v2\/product_tag?post=30558"}],"curies":[{"name":"wp","href":"https:\/\/api.w.org\/{rel}","templated":true}]}}