{"id":30711,"date":"2026-02-05T22:10:35","date_gmt":"2026-02-05T22:10:35","guid":{"rendered":"https:\/\/dicodi.cl\/allmedica\/?post_type=product&#038;p=30711"},"modified":"2026-02-05T22:10:37","modified_gmt":"2026-02-05T22:10:37","slug":"especulo-vaginal-desechable-talla-m-caja-de-100-unid","status":"publish","type":"product","link":"https:\/\/dicodi.cl\/allmedica\/producto\/especulo-vaginal-desechable-talla-m-caja-de-100-unid\/","title":{"rendered":"Especulo Vaginal Desechable Talla M, Caja de 100 Unid."},"content":{"rendered":"<p>Especulo Vaginal Desechable, Talla M, esterilizado, caja con 100 unidades.<\/p>\n<p>Es un especulo vaginal desechable que gracias a un sistema simplificado de dos piezas permite un seguro bloqueo y una f\u00e1cil regulaci\u00f3n de las valvas, considerando la gran presi\u00f3n de las paredes vaginales.<\/p>\n","protected":false},"excerpt":{"rendered":"<p><strong>COD:<\/strong> 50003<br \/>\n<strong>MARCA: <\/strong>HMI<br \/>\n<strong>MODELO:<\/strong> 50003<\/p>\n","protected":false},"featured_media":29541,"template":"","meta":[],"product_brand":[],"product_cat":[299,276],"product_tag":[300,301,302,303,304],"class_list":{"0":"post-30711","1":"product","2":"type-product","3":"status-publish","4":"has-post-thumbnail","6":"product_cat-especulos-desechables","7":"product_cat-insumos-y-accesorios","8":"product_tag-especulo","9":"product_tag-especulo-desechable","10":"product_tag-especulo-vaginal","11":"product_tag-especulo-vaginal-desechable","12":"product_tag-especulos-desechables","14":"first","15":"instock","16":"purchasable","17":"product-type-simple"},"_links":{"self":[{"href":"https:\/\/dicodi.cl\/allmedica\/wp-json\/wp\/v2\/product\/30711","targetHints":{"allow":["GET"]}}],"collection":[{"href":"https:\/\/dicodi.cl\/allmedica\/wp-json\/wp\/v2\/product"}],"about":[{"href":"https:\/\/dicodi.cl\/allmedica\/wp-json\/wp\/v2\/types\/product"}],"wp:featuredmedia":[{"embeddable":true,"href":"https:\/\/dicodi.cl\/allmedica\/wp-json\/wp\/v2\/media\/29541"}],"wp:attachment":[{"href":"https:\/\/dicodi.cl\/allmedica\/wp-json\/wp\/v2\/media?parent=30711"}],"wp:term":[{"taxonomy":"product_brand","embeddable":true,"href":"https:\/\/dicodi.cl\/allmedica\/wp-json\/wp\/v2\/product_brand?post=30711"},{"taxonomy":"product_cat","embeddable":true,"href":"https:\/\/dicodi.cl\/allmedica\/wp-json\/wp\/v2\/product_cat?post=30711"},{"taxonomy":"product_tag","embeddable":true,"href":"https:\/\/dicodi.cl\/allmedica\/wp-json\/wp\/v2\/product_tag?post=30711"}],"curies":[{"name":"wp","href":"https:\/\/api.w.org\/{rel}","templated":true}]}}