{"id":30717,"date":"2026-02-05T22:10:36","date_gmt":"2026-02-05T22:10:36","guid":{"rendered":"https:\/\/dicodi.cl\/allmedica\/?post_type=product&#038;p=30717"},"modified":"2026-02-05T22:10:38","modified_gmt":"2026-02-05T22:10:38","slug":"papel-espirometro-termico-blanco-110-x-10-mts-set-de-10-rollos","status":"publish","type":"product","link":"https:\/\/dicodi.cl\/allmedica\/producto\/papel-espirometro-termico-blanco-110-x-10-mts-set-de-10-rollos\/","title":{"rendered":"Papel Espir\u00f3metro T\u00e9rmico Blanco 110 x 10 mts. Set de 10 Rollos"},"content":{"rendered":"<p>Suministramos papel de la mejor calidad para todo tipo de aparatos de uso m\u00e9dico: Electrocardi\u00f3grafos, Test de Esfuerzo, desfibriladores, monitores, espir\u00f3metros, etc, de una amplia gama de tipos y tama\u00f1os y para una gran variedad de marcas.<\/p>\n","protected":false},"excerpt":{"rendered":"<p><strong>COD:<\/strong> 1011001<br \/>\n<strong>MARCA:<\/strong> LESSA<br \/>\n<strong>MODELO:<\/strong> 1011001<\/p>\n","protected":false},"featured_media":29553,"template":"","meta":[],"product_brand":[],"product_cat":[276,310],"product_tag":[],"class_list":{"0":"post-30717","1":"product","2":"type-product","3":"status-publish","4":"has-post-thumbnail","6":"product_cat-insumos-y-accesorios","7":"product_cat-papel-equipos-medicos","9":"first","10":"outofstock","11":"purchasable","12":"product-type-simple"},"_links":{"self":[{"href":"https:\/\/dicodi.cl\/allmedica\/wp-json\/wp\/v2\/product\/30717","targetHints":{"allow":["GET"]}}],"collection":[{"href":"https:\/\/dicodi.cl\/allmedica\/wp-json\/wp\/v2\/product"}],"about":[{"href":"https:\/\/dicodi.cl\/allmedica\/wp-json\/wp\/v2\/types\/product"}],"wp:featuredmedia":[{"embeddable":true,"href":"https:\/\/dicodi.cl\/allmedica\/wp-json\/wp\/v2\/media\/29553"}],"wp:attachment":[{"href":"https:\/\/dicodi.cl\/allmedica\/wp-json\/wp\/v2\/media?parent=30717"}],"wp:term":[{"taxonomy":"product_brand","embeddable":true,"href":"https:\/\/dicodi.cl\/allmedica\/wp-json\/wp\/v2\/product_brand?post=30717"},{"taxonomy":"product_cat","embeddable":true,"href":"https:\/\/dicodi.cl\/allmedica\/wp-json\/wp\/v2\/product_cat?post=30717"},{"taxonomy":"product_tag","embeddable":true,"href":"https:\/\/dicodi.cl\/allmedica\/wp-json\/wp\/v2\/product_tag?post=30717"}],"curies":[{"name":"wp","href":"https:\/\/api.w.org\/{rel}","templated":true}]}}