{"id":30829,"date":"2026-02-05T22:10:46","date_gmt":"2026-02-05T22:10:46","guid":{"rendered":"https:\/\/dicodi.cl\/allmedica\/?post_type=product&#038;p=30829"},"modified":"2026-02-05T22:10:47","modified_gmt":"2026-02-05T22:10:47","slug":"lampara-procedimientos-con-lupa-rodante","status":"publish","type":"product","link":"https:\/\/dicodi.cl\/allmedica\/producto\/lampara-procedimientos-con-lupa-rodante\/","title":{"rendered":"L\u00e1mpara Procedimientos con Lupa Rodante"},"content":{"rendered":"<p>Lampara Procedimientos con Lupa Rodante, Luz Led.<\/p>\n<p>L\u00e1mpara LED de luz fr\u00eda con lupa de 5 dioptr\u00edas y ajuste de brillo. Viene con una base de 5 ruedas<br \/>\nde alta estabilidad y un brazo articulado para facilitar el movimiento y la fijaci\u00f3n de la l\u00e1mpara.<\/p>\n","protected":false},"excerpt":{"rendered":"<p><strong>COD:<\/strong> ALL-KS1088<br \/>\n<strong>MARCA:<\/strong> MST<br \/>\n<strong>MODELO:<\/strong> KS1088<\/p>\n","protected":false},"featured_media":29710,"template":"","meta":[],"product_brand":[],"product_cat":[128,367,325],"product_tag":[368,369,370,371,372,373,374,375],"class_list":{"0":"post-30829","1":"product","2":"type-product","3":"status-publish","4":"has-post-thumbnail","6":"product_cat-cirugia-equipos-e-insumos","7":"product_cat-lamparas-procedimientos","8":"product_cat-mobiliario-clinico","9":"product_tag-lampara","10":"product_tag-lampara-de-examen","11":"product_tag-lampara-ginecologica","12":"product_tag-lampara-led","13":"product_tag-lampara-lupa","14":"product_tag-lampara-lupa-rodante","15":"product_tag-lampara-procedimientos","16":"product_tag-luz-led","18":"first","19":"instock","20":"product-type-simple"},"_links":{"self":[{"href":"https:\/\/dicodi.cl\/allmedica\/wp-json\/wp\/v2\/product\/30829","targetHints":{"allow":["GET"]}}],"collection":[{"href":"https:\/\/dicodi.cl\/allmedica\/wp-json\/wp\/v2\/product"}],"about":[{"href":"https:\/\/dicodi.cl\/allmedica\/wp-json\/wp\/v2\/types\/product"}],"wp:featuredmedia":[{"embeddable":true,"href":"https:\/\/dicodi.cl\/allmedica\/wp-json\/wp\/v2\/media\/29710"}],"wp:attachment":[{"href":"https:\/\/dicodi.cl\/allmedica\/wp-json\/wp\/v2\/media?parent=30829"}],"wp:term":[{"taxonomy":"product_brand","embeddable":true,"href":"https:\/\/dicodi.cl\/allmedica\/wp-json\/wp\/v2\/product_brand?post=30829"},{"taxonomy":"product_cat","embeddable":true,"href":"https:\/\/dicodi.cl\/allmedica\/wp-json\/wp\/v2\/product_cat?post=30829"},{"taxonomy":"product_tag","embeddable":true,"href":"https:\/\/dicodi.cl\/allmedica\/wp-json\/wp\/v2\/product_tag?post=30829"}],"curies":[{"name":"wp","href":"https:\/\/api.w.org\/{rel}","templated":true}]}}