{"id":30831,"date":"2026-02-05T22:10:46","date_gmt":"2026-02-05T22:10:46","guid":{"rendered":"https:\/\/dicodi.cl\/allmedica\/?post_type=product&#038;p=30831"},"modified":"2026-02-05T22:10:47","modified_gmt":"2026-02-05T22:10:47","slug":"lampara-de-procedimientos-led-portatil-40-000-lux","status":"publish","type":"product","link":"https:\/\/dicodi.cl\/allmedica\/producto\/lampara-de-procedimientos-led-portatil-40-000-lux\/","title":{"rendered":"L\u00e1mpara de Procedimientos Led Port\u00e1til 40.000 Lux"},"content":{"rendered":"<p>lampara procedimientos led port\u00e1til<\/p>\n<p>Lampara de Procedimientos Rodante.<\/p>\n<p>40.000 Lux<\/p>\n<p>Temperatura de Color 3.500 K.<\/p>\n<p>Base 5 ruedas.<\/p>\n<p>70 cm\u00a0 (de longitud) de brazo flexible.<\/p>\n<p>&nbsp;<\/p>\n","protected":false},"excerpt":{"rendered":"<p><strong>COD:<\/strong> ALL-KSQ6<br \/>\n<strong>MARCA:<\/strong> MST<br \/>\n<strong>MODELO:<\/strong> KSQ6<\/p>\n","protected":false},"featured_media":29716,"template":"","meta":[],"product_brand":[],"product_cat":[367,325],"product_tag":[368,369,376,371,377,378,379,380,374,381],"class_list":{"0":"post-30831","1":"product","2":"type-product","3":"status-publish","4":"has-post-thumbnail","6":"product_cat-lamparas-procedimientos","7":"product_cat-mobiliario-clinico","8":"product_tag-lampara","9":"product_tag-lampara-de-examen","10":"product_tag-lampara-de-examen-y-procedimientos","11":"product_tag-lampara-led","12":"product_tag-lampara-led-de-procedimientos","13":"product_tag-lampara-para-procedimientos-menores","14":"product_tag-lampara-portatil","15":"product_tag-lampara-portatil-procedimientos-quirurgicos","16":"product_tag-lampara-procedimientos","17":"product_tag-lampara-procedimientos-medicos","19":"first","20":"instock","21":"purchasable","22":"product-type-simple"},"_links":{"self":[{"href":"https:\/\/dicodi.cl\/allmedica\/wp-json\/wp\/v2\/product\/30831","targetHints":{"allow":["GET"]}}],"collection":[{"href":"https:\/\/dicodi.cl\/allmedica\/wp-json\/wp\/v2\/product"}],"about":[{"href":"https:\/\/dicodi.cl\/allmedica\/wp-json\/wp\/v2\/types\/product"}],"wp:featuredmedia":[{"embeddable":true,"href":"https:\/\/dicodi.cl\/allmedica\/wp-json\/wp\/v2\/media\/29716"}],"wp:attachment":[{"href":"https:\/\/dicodi.cl\/allmedica\/wp-json\/wp\/v2\/media?parent=30831"}],"wp:term":[{"taxonomy":"product_brand","embeddable":true,"href":"https:\/\/dicodi.cl\/allmedica\/wp-json\/wp\/v2\/product_brand?post=30831"},{"taxonomy":"product_cat","embeddable":true,"href":"https:\/\/dicodi.cl\/allmedica\/wp-json\/wp\/v2\/product_cat?post=30831"},{"taxonomy":"product_tag","embeddable":true,"href":"https:\/\/dicodi.cl\/allmedica\/wp-json\/wp\/v2\/product_tag?post=30831"}],"curies":[{"name":"wp","href":"https:\/\/api.w.org\/{rel}","templated":true}]}}