{"id":30835,"date":"2026-02-05T22:10:46","date_gmt":"2026-02-05T22:10:46","guid":{"rendered":"https:\/\/dicodi.cl\/allmedica\/?post_type=product&#038;p=30835"},"modified":"2026-02-05T22:10:48","modified_gmt":"2026-02-05T22:10:48","slug":"lampara-quirurgica-de-techo-un-satelite","status":"publish","type":"product","link":"https:\/\/dicodi.cl\/allmedica\/producto\/lampara-quirurgica-de-techo-un-satelite\/","title":{"rendered":"L\u00e1mpara Quir\u00fargica de Techo Un Sat\u00e9lite"},"content":{"rendered":"<p>Lampara Quir\u00fargica de Techo un Sat\u00e9lite de 140.000 lux<\/p>\n","protected":false},"excerpt":{"rendered":"<p><strong>COD:<\/strong> ALL-500LEDT<br \/>\n<strong>MARCA:<\/strong> HF<br \/>\n<strong>MODELO:<\/strong> 500 LED<\/p>\n","protected":false},"featured_media":29739,"template":"","meta":[],"product_brand":[],"product_cat":[394,325,395],"product_tag":[368,382,396,397,398,383,399,400],"class_list":{"0":"post-30835","1":"product","2":"type-product","3":"status-publish","4":"has-post-thumbnail","6":"product_cat-lamparas-quirurgica","7":"product_cat-mobiliario-clinico","8":"product_cat-techo","9":"product_tag-lampara","10":"product_tag-lampara-de-pabellon","11":"product_tag-lampara-de-quirofano","12":"product_tag-lampara-de-techo","13":"product_tag-lampara-para-procedimiento-quirurgicos","14":"product_tag-lampara-quirurgica","15":"product_tag-lamparas-pabellones","16":"product_tag-lamparas-quirurgicas","18":"first","19":"instock","20":"product-type-simple"},"_links":{"self":[{"href":"https:\/\/dicodi.cl\/allmedica\/wp-json\/wp\/v2\/product\/30835","targetHints":{"allow":["GET"]}}],"collection":[{"href":"https:\/\/dicodi.cl\/allmedica\/wp-json\/wp\/v2\/product"}],"about":[{"href":"https:\/\/dicodi.cl\/allmedica\/wp-json\/wp\/v2\/types\/product"}],"wp:featuredmedia":[{"embeddable":true,"href":"https:\/\/dicodi.cl\/allmedica\/wp-json\/wp\/v2\/media\/29739"}],"wp:attachment":[{"href":"https:\/\/dicodi.cl\/allmedica\/wp-json\/wp\/v2\/media?parent=30835"}],"wp:term":[{"taxonomy":"product_brand","embeddable":true,"href":"https:\/\/dicodi.cl\/allmedica\/wp-json\/wp\/v2\/product_brand?post=30835"},{"taxonomy":"product_cat","embeddable":true,"href":"https:\/\/dicodi.cl\/allmedica\/wp-json\/wp\/v2\/product_cat?post=30835"},{"taxonomy":"product_tag","embeddable":true,"href":"https:\/\/dicodi.cl\/allmedica\/wp-json\/wp\/v2\/product_tag?post=30835"}],"curies":[{"name":"wp","href":"https:\/\/api.w.org\/{rel}","templated":true}]}}