{"id":30836,"date":"2026-02-05T22:10:46","date_gmt":"2026-02-05T22:10:46","guid":{"rendered":"https:\/\/dicodi.cl\/allmedica\/?post_type=product&#038;p=30836"},"modified":"2026-02-05T22:10:48","modified_gmt":"2026-02-05T22:10:48","slug":"lampara-quirurgica-portatil-hf","status":"publish","type":"product","link":"https:\/\/dicodi.cl\/allmedica\/producto\/lampara-quirurgica-portatil-hf\/","title":{"rendered":"L\u00e1mpara Quir\u00fargica Port\u00e1til HF"},"content":{"rendered":"<p>Lampara Quir\u00fargica Port\u00e1til de 140.000 lux<\/p>\n<p>Iluminancia: \u2265140,000Lux<br \/>\nTemperatura de color: 3800 \u00b1 500K, 4400 \u00b1 500K, 5000 \u00b1 500K<br \/>\n\u00cdndice de reducci\u00f3n de color (Ra): 95<br \/>\nProfundidad de iluminaci\u00f3n: \u22651300 mm<br \/>\nIrradiancia total: 450W \/ m\u00b2<br \/>\nTama\u00f1o del campo de luz: 160 \uff5e 280 mm<br \/>\nBombilla LED: 3,3 mW \/ m\u00b2lx<br \/>\nVida \u00fatil del iluminante: 50.000 h<br \/>\nVoltaje de la fuente de alimentaci\u00f3n: AC110-240v, 50 \/ 60Hz<br \/>\nAjuste de brillo: ajuste autom\u00e1tico de luz continua de 8 etapas<br \/>\nAltura m\u00ednima de instalaci\u00f3n: 2900 mm<br \/>\nConsumo total de energ\u00eda: 80 W<br \/>\nCantidad total de bombilla LED: 108 piezas (18 * 6)<\/p>\n<p>&nbsp;<\/p>\n","protected":false},"excerpt":{"rendered":"<p><strong>COD:<\/strong> ALL-500SLED<br \/>\n<strong>MARCA:<\/strong> HF<br \/>\n<strong>MODELO:<\/strong> 500S LED<\/p>\n","protected":false},"featured_media":29741,"template":"","meta":[],"product_brand":[],"product_cat":[394,325,402],"product_tag":[369,376,382,371,377,378,379,380,374,381,383],"class_list":{"0":"post-30836","1":"product","2":"type-product","3":"status-publish","4":"has-post-thumbnail","6":"product_cat-lamparas-quirurgica","7":"product_cat-mobiliario-clinico","8":"product_cat-portatil","9":"product_tag-lampara-de-examen","10":"product_tag-lampara-de-examen-y-procedimientos","11":"product_tag-lampara-de-pabellon","12":"product_tag-lampara-led","13":"product_tag-lampara-led-de-procedimientos","14":"product_tag-lampara-para-procedimientos-menores","15":"product_tag-lampara-portatil","16":"product_tag-lampara-portatil-procedimientos-quirurgicos","17":"product_tag-lampara-procedimientos","18":"product_tag-lampara-procedimientos-medicos","19":"product_tag-lampara-quirurgica","21":"first","22":"instock","23":"product-type-simple"},"_links":{"self":[{"href":"https:\/\/dicodi.cl\/allmedica\/wp-json\/wp\/v2\/product\/30836","targetHints":{"allow":["GET"]}}],"collection":[{"href":"https:\/\/dicodi.cl\/allmedica\/wp-json\/wp\/v2\/product"}],"about":[{"href":"https:\/\/dicodi.cl\/allmedica\/wp-json\/wp\/v2\/types\/product"}],"wp:featuredmedia":[{"embeddable":true,"href":"https:\/\/dicodi.cl\/allmedica\/wp-json\/wp\/v2\/media\/29741"}],"wp:attachment":[{"href":"https:\/\/dicodi.cl\/allmedica\/wp-json\/wp\/v2\/media?parent=30836"}],"wp:term":[{"taxonomy":"product_brand","embeddable":true,"href":"https:\/\/dicodi.cl\/allmedica\/wp-json\/wp\/v2\/product_brand?post=30836"},{"taxonomy":"product_cat","embeddable":true,"href":"https:\/\/dicodi.cl\/allmedica\/wp-json\/wp\/v2\/product_cat?post=30836"},{"taxonomy":"product_tag","embeddable":true,"href":"https:\/\/dicodi.cl\/allmedica\/wp-json\/wp\/v2\/product_tag?post=30836"}],"curies":[{"name":"wp","href":"https:\/\/api.w.org\/{rel}","templated":true}]}}