{"id":30837,"date":"2026-02-05T22:10:46","date_gmt":"2026-02-05T22:10:46","guid":{"rendered":"https:\/\/dicodi.cl\/allmedica\/?post_type=product&#038;p=30837"},"modified":"2026-02-05T22:10:48","modified_gmt":"2026-02-05T22:10:48","slug":"lampara-quirurgica-portatil-110-000-lux","status":"publish","type":"product","link":"https:\/\/dicodi.cl\/allmedica\/producto\/lampara-quirurgica-portatil-110-000-lux\/","title":{"rendered":"L\u00e1mpara Quir\u00fargica Port\u00e1til  110.000 Lux"},"content":{"rendered":"<p>L\u00e1mpara Procedimientos Quir\u00fargicos 1 Sat\u00e9lite Led, 110.000 lux Port\u00e1til<\/p>\n<p>La l\u00e1mpara quir\u00fargica LED HFMED HF-SY320S es una l\u00e1mpara quir\u00fargica port\u00e1til sin sombras, dise\u00f1ada para quir\u00f3fanos, que garantiza una visibilidad \u00f3ptima durante los procedimientos quir\u00fargicos. Fabricada con materiales met\u00e1licos y pl\u00e1sticos duraderos, este instrumento de Clase I cumple con las normas de seguridad e incorpora una fuente de luz LED Osram premium con una vida \u00fatil de 60\u00a0000 horas. Con certificaciones CE e ISO, este producto garantiza su fiabilidad en hospitales y centros quir\u00fargicos. Disfrute de una iluminaci\u00f3n mejorada con nuestro dise\u00f1o de precisi\u00f3n. Considere realizar pedidos al por mayor para satisfacer eficazmente las necesidades operativas de su instituci\u00f3n.<\/p>\n<p>&nbsp;<\/p>\n","protected":false},"excerpt":{"rendered":"<p><strong>COD:<\/strong> HF-SY320S<br \/>\n<strong>MARCA:<\/strong> MST<br \/>\n<strong>MODELO:<\/strong> HF-SY320S<\/p>\n","protected":false},"featured_media":29743,"template":"","meta":[],"product_brand":[],"product_cat":[394,325,402],"product_tag":[368,369,376,382,371,377,404,378,379,380,374,381,383],"class_list":{"0":"post-30837","1":"product","2":"type-product","3":"status-publish","4":"has-post-thumbnail","6":"product_cat-lamparas-quirurgica","7":"product_cat-mobiliario-clinico","8":"product_cat-portatil","9":"product_tag-lampara","10":"product_tag-lampara-de-examen","11":"product_tag-lampara-de-examen-y-procedimientos","12":"product_tag-lampara-de-pabellon","13":"product_tag-lampara-led","14":"product_tag-lampara-led-de-procedimientos","15":"product_tag-lampara-pabellon-cirugia","16":"product_tag-lampara-para-procedimientos-menores","17":"product_tag-lampara-portatil","18":"product_tag-lampara-portatil-procedimientos-quirurgicos","19":"product_tag-lampara-procedimientos","20":"product_tag-lampara-procedimientos-medicos","21":"product_tag-lampara-quirurgica","23":"first","24":"instock","25":"product-type-simple"},"_links":{"self":[{"href":"https:\/\/dicodi.cl\/allmedica\/wp-json\/wp\/v2\/product\/30837","targetHints":{"allow":["GET"]}}],"collection":[{"href":"https:\/\/dicodi.cl\/allmedica\/wp-json\/wp\/v2\/product"}],"about":[{"href":"https:\/\/dicodi.cl\/allmedica\/wp-json\/wp\/v2\/types\/product"}],"wp:featuredmedia":[{"embeddable":true,"href":"https:\/\/dicodi.cl\/allmedica\/wp-json\/wp\/v2\/media\/29743"}],"wp:attachment":[{"href":"https:\/\/dicodi.cl\/allmedica\/wp-json\/wp\/v2\/media?parent=30837"}],"wp:term":[{"taxonomy":"product_brand","embeddable":true,"href":"https:\/\/dicodi.cl\/allmedica\/wp-json\/wp\/v2\/product_brand?post=30837"},{"taxonomy":"product_cat","embeddable":true,"href":"https:\/\/dicodi.cl\/allmedica\/wp-json\/wp\/v2\/product_cat?post=30837"},{"taxonomy":"product_tag","embeddable":true,"href":"https:\/\/dicodi.cl\/allmedica\/wp-json\/wp\/v2\/product_tag?post=30837"}],"curies":[{"name":"wp","href":"https:\/\/api.w.org\/{rel}","templated":true}]}}