{"id":30843,"date":"2026-02-05T22:10:46","date_gmt":"2026-02-05T22:10:46","guid":{"rendered":"https:\/\/dicodi.cl\/allmedica\/?post_type=product&#038;p=30843"},"modified":"2026-02-05T22:10:49","modified_gmt":"2026-02-05T22:10:49","slug":"oximetro-de-pulso-con-sensor-adulto-portatil-c-base-cargador","status":"publish","type":"product","link":"https:\/\/dicodi.cl\/allmedica\/producto\/oximetro-de-pulso-con-sensor-adulto-portatil-c-base-cargador\/","title":{"rendered":"Ox\u00edmetro de Pulso con Sensor Adulto Port\u00e1til C\/Base Cargador"},"content":{"rendered":"<p>Ox\u00edmetro port\u00e1til de alta precisi\u00f3n, con alarmas audibles y visuales.<\/p>\n<p>ChoiceMed MD 300 M Handheld Color, ox\u00edmetro de pulso El MD 300 M con destacables \u00a0caracter\u00edsticas, pero al mismo tiempo es muy f\u00e1cil de usar y usted puede seleccionar las opciones que usted necesita, simplemente mediante el uso de arriba, abajo y seleccionar botones. Est\u00e1 dise\u00f1ado para ser robusto y se puede dar en el an\u00e1lisis de un vistazo de SpO2 y la frecuencia del pulso, tambi\u00e9n muestra una tabla o gr\u00e1fico de revisi\u00f3n instant\u00e1nea. Es port\u00e1til, compacto y fiable y ser\u00eda perfectamente adecuado para un entorno cl\u00ednico, el uso del hospital, los departamentos de primeros auxilios m\u00e9dicos o del hogar. Soporte cargador incluido en el paquete.<\/p>\n<p>Certificado CE<\/p>\n","protected":false},"excerpt":{"rendered":"<p><strong>COD:<\/strong> ALL-MD300M<br \/>\n<strong>MARCA:<\/strong> CHOICEMMED<br \/>\n<strong>MODELO:<\/strong> MD300M<\/p>\n","protected":false},"featured_media":29759,"template":"","meta":[],"product_brand":[],"product_cat":[175,188],"product_tag":[427,428,429,189,193,430,194,431,432,433,434,435],"class_list":{"0":"post-30843","1":"product","2":"type-product","3":"status-publish","4":"has-post-thumbnail","6":"product_cat-diagnostico-y-procedimiento","7":"product_cat-oximetros","8":"product_tag-equipos-medicos","9":"product_tag-oximetro","10":"product_tag-oximetro-chile","11":"product_tag-oximetro-de-pulso","12":"product_tag-oximetro-digital","13":"product_tag-oximetro-portatil","14":"product_tag-oximetro-saturometro","15":"product_tag-oximetros","16":"product_tag-oximetros-de-pulso-nuevo","17":"product_tag-saturometro-chile","18":"product_tag-saturometro-oximetro-de-pulso","19":"product_tag-saturometros","21":"first","22":"outofstock","23":"featured","24":"shipping-taxable","25":"purchasable","26":"product-type-simple"},"_links":{"self":[{"href":"https:\/\/dicodi.cl\/allmedica\/wp-json\/wp\/v2\/product\/30843","targetHints":{"allow":["GET"]}}],"collection":[{"href":"https:\/\/dicodi.cl\/allmedica\/wp-json\/wp\/v2\/product"}],"about":[{"href":"https:\/\/dicodi.cl\/allmedica\/wp-json\/wp\/v2\/types\/product"}],"wp:featuredmedia":[{"embeddable":true,"href":"https:\/\/dicodi.cl\/allmedica\/wp-json\/wp\/v2\/media\/29759"}],"wp:attachment":[{"href":"https:\/\/dicodi.cl\/allmedica\/wp-json\/wp\/v2\/media?parent=30843"}],"wp:term":[{"taxonomy":"product_brand","embeddable":true,"href":"https:\/\/dicodi.cl\/allmedica\/wp-json\/wp\/v2\/product_brand?post=30843"},{"taxonomy":"product_cat","embeddable":true,"href":"https:\/\/dicodi.cl\/allmedica\/wp-json\/wp\/v2\/product_cat?post=30843"},{"taxonomy":"product_tag","embeddable":true,"href":"https:\/\/dicodi.cl\/allmedica\/wp-json\/wp\/v2\/product_tag?post=30843"}],"curies":[{"name":"wp","href":"https:\/\/api.w.org\/{rel}","templated":true}]}}