{"id":30845,"date":"2026-02-05T22:10:46","date_gmt":"2026-02-05T22:10:46","guid":{"rendered":"https:\/\/dicodi.cl\/allmedica\/?post_type=product&#038;p=30845"},"modified":"2026-02-05T22:10:49","modified_gmt":"2026-02-05T22:10:49","slug":"electrobisturi-microprocesado-200w-solo-uso-veterinaria-y-dermatologia","status":"publish","type":"product","link":"https:\/\/dicodi.cl\/allmedica\/producto\/electrobisturi-microprocesado-200w-solo-uso-veterinaria-y-dermatologia\/","title":{"rendered":"Electrobistur\u00ed Microprocesado 200W  (Solo Uso VETERINARIA Y DERMATOLOGIA))"},"content":{"rendered":"<p><strong>Electrobistur\u00ed Microprocesado Marca Deltronix\u00a0<\/strong><strong>Modelo DTX-SEG200<\/strong><\/p>\n<p>Desarrollados para profesionales que quieren m\u00e1s practicidad, los bistur\u00edes de esta l\u00ednea est\u00e1n totalmente ajustados mediante mando digital (teclas ARRIBA \/ ABAJO), aunque son sencillos y vers\u00e1tiles.<\/p>\n<p>Todos los modelos tienen una pantalla digital para la potencia seleccionada.<br \/>\nEl mejor socio dentro de un centro quir\u00fargico.<\/p>\n<p>Equipos con t\u00e9cnicas digitales en el control de CORTE (PURE y BLEND) y COAGULACI\u00d3N (DESICCI\u00d3N y SPRAY).\u00a0En la funci\u00f3n CUT tambi\u00e9n puedes elegir la funci\u00f3n CUT (PURE CUT) Hi, BLEND MIN (1) Hi, BLEND MID (2) Hi y BLEND MAX (3) Hi, de forma individual, lo que permite la cirug\u00eda en tejidos grasos m\u00e1s f\u00e1cilmente.\u00a0Mayor confiabilidad, ajustes y manejo simplificados.<\/p>\n<p>La t\u00e9cnica BIPOLAR se puede explorar mejor utilizando una de las opciones ofrecidas: PRECISO y EST\u00c1NDAR.\u00a0Cada una de estas opciones permite una elecci\u00f3n m\u00e1s precisa de la potencia a utilizar, con incrementos de 0,5 vatios.<\/p>\n","protected":false},"excerpt":{"rendered":"<p><strong>COD:<\/strong> ALL-SEG 200<br \/>\n<strong>MARCA:<\/strong> DELTRONIX<br \/>\n<strong>MODELO:<\/strong> SEG 200<\/p>\n","protected":false},"featured_media":29763,"template":"","meta":[],"product_brand":[],"product_cat":[128,152],"product_tag":[436,437,438,439,440,441,442,443,444],"class_list":{"0":"post-30845","1":"product","2":"type-product","3":"status-publish","4":"has-post-thumbnail","6":"product_cat-cirugia-equipos-e-insumos","7":"product_cat-electrobisturi","8":"product_tag-coagulador","9":"product_tag-deltronix","10":"product_tag-deltronix-chile","11":"product_tag-electrobisturi","12":"product_tag-electrobisturi-bipolar","13":"product_tag-electrobisturi-monopolar","14":"product_tag-electrobisturi-portatil","15":"product_tag-electrobisturi-portatil-chile","16":"product_tag-electrobisturi-quirurgico","18":"first","19":"outofstock","20":"featured","21":"shipping-taxable","22":"product-type-simple"},"_links":{"self":[{"href":"https:\/\/dicodi.cl\/allmedica\/wp-json\/wp\/v2\/product\/30845","targetHints":{"allow":["GET"]}}],"collection":[{"href":"https:\/\/dicodi.cl\/allmedica\/wp-json\/wp\/v2\/product"}],"about":[{"href":"https:\/\/dicodi.cl\/allmedica\/wp-json\/wp\/v2\/types\/product"}],"wp:featuredmedia":[{"embeddable":true,"href":"https:\/\/dicodi.cl\/allmedica\/wp-json\/wp\/v2\/media\/29763"}],"wp:attachment":[{"href":"https:\/\/dicodi.cl\/allmedica\/wp-json\/wp\/v2\/media?parent=30845"}],"wp:term":[{"taxonomy":"product_brand","embeddable":true,"href":"https:\/\/dicodi.cl\/allmedica\/wp-json\/wp\/v2\/product_brand?post=30845"},{"taxonomy":"product_cat","embeddable":true,"href":"https:\/\/dicodi.cl\/allmedica\/wp-json\/wp\/v2\/product_cat?post=30845"},{"taxonomy":"product_tag","embeddable":true,"href":"https:\/\/dicodi.cl\/allmedica\/wp-json\/wp\/v2\/product_tag?post=30845"}],"curies":[{"name":"wp","href":"https:\/\/api.w.org\/{rel}","templated":true}]}}