{"id":30848,"date":"2026-02-05T22:10:47","date_gmt":"2026-02-05T22:10:47","guid":{"rendered":"https:\/\/dicodi.cl\/allmedica\/?post_type=product&#038;p=30848"},"modified":"2026-02-05T22:10:49","modified_gmt":"2026-02-05T22:10:49","slug":"oximetro-de-pulso-portatil","status":"publish","type":"product","link":"https:\/\/dicodi.cl\/allmedica\/producto\/oximetro-de-pulso-portatil\/","title":{"rendered":"Ox\u00edmetro de Pulso Port\u00e1til"},"content":{"rendered":"<p>Ox\u00edmetro de Pulso Port\u00e1til<\/p>\n<p>Registro de la SpO2 y la Frecuencia Card\u00edaca<\/p>\n<p>Display de 3,5\u201d rotatoria. TFT color.<\/p>\n<p>Despliega curva pletismogr\u00e1fica<\/p>\n<p>\u00cdndice de perfusi\u00f3n.<\/p>\n<p>Bater\u00eda recargable de Li-Ion con base o cable USB<\/p>\n<p>Para pacientes adultos, pedi\u00e1tricos y neonatales.<\/p>\n","protected":false},"excerpt":{"rendered":"<p><strong>COD:<\/strong> ALL-SP20<br \/>\n<strong>MARCA:<\/strong>\u00a0SHCREA<br \/>\n<strong>MODELO:<\/strong> SP-20<\/p>\n","protected":false},"featured_media":29783,"template":"","meta":[],"product_brand":[],"product_cat":[175,188,507],"product_tag":[428,429,458,193,430,194,432],"class_list":{"0":"post-30848","1":"product","2":"type-product","3":"status-publish","4":"has-post-thumbnail","6":"product_cat-diagnostico-y-procedimiento","7":"product_cat-oximetros","8":"product_cat-uncategorized","9":"product_tag-oximetro","10":"product_tag-oximetro-chile","11":"product_tag-oximetro-de-puslo","12":"product_tag-oximetro-digital","13":"product_tag-oximetro-portatil","14":"product_tag-oximetro-saturometro","15":"product_tag-oximetros-de-pulso-nuevo","17":"first","18":"instock","19":"shipping-taxable","20":"product-type-simple"},"_links":{"self":[{"href":"https:\/\/dicodi.cl\/allmedica\/wp-json\/wp\/v2\/product\/30848","targetHints":{"allow":["GET"]}}],"collection":[{"href":"https:\/\/dicodi.cl\/allmedica\/wp-json\/wp\/v2\/product"}],"about":[{"href":"https:\/\/dicodi.cl\/allmedica\/wp-json\/wp\/v2\/types\/product"}],"wp:featuredmedia":[{"embeddable":true,"href":"https:\/\/dicodi.cl\/allmedica\/wp-json\/wp\/v2\/media\/29783"}],"wp:attachment":[{"href":"https:\/\/dicodi.cl\/allmedica\/wp-json\/wp\/v2\/media?parent=30848"}],"wp:term":[{"taxonomy":"product_brand","embeddable":true,"href":"https:\/\/dicodi.cl\/allmedica\/wp-json\/wp\/v2\/product_brand?post=30848"},{"taxonomy":"product_cat","embeddable":true,"href":"https:\/\/dicodi.cl\/allmedica\/wp-json\/wp\/v2\/product_cat?post=30848"},{"taxonomy":"product_tag","embeddable":true,"href":"https:\/\/dicodi.cl\/allmedica\/wp-json\/wp\/v2\/product_tag?post=30848"}],"curies":[{"name":"wp","href":"https:\/\/api.w.org\/{rel}","templated":true}]}}