{"id":30850,"date":"2026-02-05T22:10:47","date_gmt":"2026-02-05T22:10:47","guid":{"rendered":"https:\/\/dicodi.cl\/allmedica\/?post_type=product&#038;p=30850"},"modified":"2026-02-05T22:10:49","modified_gmt":"2026-02-05T22:10:49","slug":"bomba-de-infusion-jeringa-enmind-en-s7","status":"publish","type":"product","link":"https:\/\/dicodi.cl\/allmedica\/producto\/bomba-de-infusion-jeringa-enmind-en-s7\/","title":{"rendered":"Bomba de Infusi\u00f3n Jeringa Enmind EN-S7"},"content":{"rendered":"<p>Bomba de Infusi\u00f3n Jeringa Enmind EN-S7<\/p>\n<p>Pantalla: 4.Pantalla t\u00e1ctil a color LCD de 3 pulgadas Tipos de jeringas: 2\/3ml, 5ml, 10ml, 20ml, 30ml, 50\/60ml, reconocimiento autom\u00e1tico de marcas y tama\u00f1os de jeringas despu\u00e9s de la calibraci\u00f3n.<\/p>\n<p>Compatibilidad: Se adapta a todas las marcas de jeringas.<\/p>\n<p>Modo de infusi\u00f3n: ml\/h (incluye modo de ritmo, modo de tiempo), peso corporal, modo micro.<\/p>\n<p>Precisi\u00f3n: \u58eb2%<\/p>\n<p>Rango de flujo: 0.01-2000ml\/h (incremento 0,01m\/h)<\/p>\n<p>VTBI: 0-9999ml<\/p>\n<p>KVO: 0,1-5ml\/h ajustable.<\/p>\n<p>Tasa de bolo: 0.1-2000ml\/h (bolo autom\u00e1tico y manual disponible).<\/p>\n<p>Nivel de oclusi\u00f3n: 4 niveles<\/p>\n<p>Biblioteca de f\u00e1rmacos: No menos de 30 f\u00e1rmacos<\/p>\n<p>Registro del historial: M\u00e1s de 5000 entradas<\/p>\n","protected":false},"excerpt":{"rendered":"<p><strong>COD:<\/strong> ALL-EN-S7<br \/>\n<strong>MARCA:<\/strong>\u00a0ENMIND<br \/>\n<strong>MODELO:<\/strong> EN-S7<\/p>\n","protected":false},"featured_media":29787,"template":"","meta":[],"product_brand":[],"product_cat":[459,128],"product_tag":[462,463],"class_list":{"0":"post-30850","1":"product","2":"type-product","3":"status-publish","4":"has-post-thumbnail","6":"product_cat-bomba-de-infusion","7":"product_cat-cirugia-equipos-e-insumos","8":"product_tag-bomba-infision","9":"product_tag-bomba-infusion-jeringa","11":"first","12":"instock","13":"shipping-taxable","14":"product-type-simple"},"_links":{"self":[{"href":"https:\/\/dicodi.cl\/allmedica\/wp-json\/wp\/v2\/product\/30850","targetHints":{"allow":["GET"]}}],"collection":[{"href":"https:\/\/dicodi.cl\/allmedica\/wp-json\/wp\/v2\/product"}],"about":[{"href":"https:\/\/dicodi.cl\/allmedica\/wp-json\/wp\/v2\/types\/product"}],"wp:featuredmedia":[{"embeddable":true,"href":"https:\/\/dicodi.cl\/allmedica\/wp-json\/wp\/v2\/media\/29787"}],"wp:attachment":[{"href":"https:\/\/dicodi.cl\/allmedica\/wp-json\/wp\/v2\/media?parent=30850"}],"wp:term":[{"taxonomy":"product_brand","embeddable":true,"href":"https:\/\/dicodi.cl\/allmedica\/wp-json\/wp\/v2\/product_brand?post=30850"},{"taxonomy":"product_cat","embeddable":true,"href":"https:\/\/dicodi.cl\/allmedica\/wp-json\/wp\/v2\/product_cat?post=30850"},{"taxonomy":"product_tag","embeddable":true,"href":"https:\/\/dicodi.cl\/allmedica\/wp-json\/wp\/v2\/product_tag?post=30850"}],"curies":[{"name":"wp","href":"https:\/\/api.w.org\/{rel}","templated":true}]}}