{"id":30890,"date":"2026-02-05T22:10:51","date_gmt":"2026-02-05T22:10:51","guid":{"rendered":"https:\/\/dicodi.cl\/allmedica\/?post_type=product&#038;p=30890"},"modified":"2026-02-05T22:10:52","modified_gmt":"2026-02-05T22:10:52","slug":"balanza-mecanica-adulto-health-o-meter-modelo-hm402kl-con-tallimetro-origen-usa","status":"publish","type":"product","link":"https:\/\/dicodi.cl\/allmedica\/producto\/balanza-mecanica-adulto-health-o-meter-modelo-hm402kl-con-tallimetro-origen-usa\/","title":{"rendered":"Balanza Mec\u00e1nica Adulto HEALTH O METER Modelo HM402KL con Tall\u00edmetro (Origen USA)"},"content":{"rendered":"<p>Balanza Mec\u00e1nica Adulto HEALTH O METER Modelo HM402KL con Tall\u00edmetro.<\/p>\n<p id=\"tw-target-text\" class=\"tw-data-text tw-text-large XcVN5d tw-ta\" dir=\"ltr\" data-placeholder=\"Translation\"><span class=\"Y2IQFc\" lang=\"es\">La b\u00e1scula m\u00e9dica cl\u00e1sica est\u00e1 construida con un marco de acero robusto y una columna con recubrimiento de polvo para evitar la oxidaci\u00f3n. Incluye una barra de altura conveniente para los m\u00e9dicos pueden medir la altura y el peso en un solo lugar.<\/span><\/p>\n<p dir=\"ltr\" data-placeholder=\"Translation\">Capacidad: 180 kg<\/p>\n","protected":false},"excerpt":{"rendered":"<p><strong>COD:<\/strong> HM402KL<br \/>\n<strong>MARCA:<\/strong>\u00a0HEALTH O METER<br \/>\n<strong>MODELO:<\/strong> HM402KL<\/p>\n","protected":false},"featured_media":29808,"template":"","meta":[],"product_brand":[],"product_cat":[175],"product_tag":[478,482,479,480,483],"class_list":{"0":"post-30890","1":"product","2":"type-product","3":"status-publish","4":"has-post-thumbnail","6":"product_cat-diagnostico-y-procedimiento","7":"product_tag-balanza-digital","8":"product_tag-balanza-mecanica","9":"product_tag-balanzas","10":"product_tag-bascula","11":"product_tag-pesa-mecanica","13":"first","14":"instock","15":"shipping-taxable","16":"product-type-simple"},"_links":{"self":[{"href":"https:\/\/dicodi.cl\/allmedica\/wp-json\/wp\/v2\/product\/30890","targetHints":{"allow":["GET"]}}],"collection":[{"href":"https:\/\/dicodi.cl\/allmedica\/wp-json\/wp\/v2\/product"}],"about":[{"href":"https:\/\/dicodi.cl\/allmedica\/wp-json\/wp\/v2\/types\/product"}],"wp:featuredmedia":[{"embeddable":true,"href":"https:\/\/dicodi.cl\/allmedica\/wp-json\/wp\/v2\/media\/29808"}],"wp:attachment":[{"href":"https:\/\/dicodi.cl\/allmedica\/wp-json\/wp\/v2\/media?parent=30890"}],"wp:term":[{"taxonomy":"product_brand","embeddable":true,"href":"https:\/\/dicodi.cl\/allmedica\/wp-json\/wp\/v2\/product_brand?post=30890"},{"taxonomy":"product_cat","embeddable":true,"href":"https:\/\/dicodi.cl\/allmedica\/wp-json\/wp\/v2\/product_cat?post=30890"},{"taxonomy":"product_tag","embeddable":true,"href":"https:\/\/dicodi.cl\/allmedica\/wp-json\/wp\/v2\/product_tag?post=30890"}],"curies":[{"name":"wp","href":"https:\/\/api.w.org\/{rel}","templated":true}]}}