{"id":30892,"date":"2026-02-05T22:10:51","date_gmt":"2026-02-05T22:10:51","guid":{"rendered":"https:\/\/dicodi.cl\/allmedica\/?post_type=product&#038;p=30892"},"modified":"2026-02-05T22:10:52","modified_gmt":"2026-02-05T22:10:52","slug":"sillon-multiproposito-electrico-marca-mubi","status":"publish","type":"product","link":"https:\/\/dicodi.cl\/allmedica\/producto\/sillon-multiproposito-electrico-marca-mubi\/","title":{"rendered":"Sill\u00f3n Multiprop\u00f3sito El\u00e9ctrico marca Mubi"},"content":{"rendered":"<p>Sill\u00f3n Multiprop\u00f3sito El\u00e9ctrico marca Mubi<\/p>\n<p>Una soluci\u00f3n vers\u00e1til que se adapta a diversas unidades m\u00e9dicas para procedimientos y atenci\u00f3n.<br \/>\nSu estructura posibilita m\u00faltiples posiciones que liberan la zona lumbar del paciente, pasando<br \/>\nde posici\u00f3n silla a horizontal con sencillos y cortos pasos, brindando confort en los diferentes<br \/>\nprocedimientos. Syriux, ha sido dise\u00f1ada bajo los m\u00e1s altos est\u00e1ndares de calidad, para lograr<br \/>\ntransformarse de acuerdo a sus requerimientos. Comodidad, seguridad e independencia durante<br \/>\nlos tratamientos m\u00e9dicos.<\/p>\n","protected":false},"excerpt":{"rendered":"<p><strong>COD:<\/strong> 450915<br \/>\n<strong>MARCA:<\/strong> MUBI<br \/>\n<strong>MODELO:<\/strong> 450915<\/p>\n","protected":false},"featured_media":29812,"template":"","meta":[],"product_brand":[],"product_cat":[325],"product_tag":[485,486],"class_list":{"0":"post-30892","1":"product","2":"type-product","3":"status-publish","4":"has-post-thumbnail","6":"product_cat-mobiliario-clinico","7":"product_tag-sillon-dialisis","8":"product_tag-sillon-multiproposito","10":"first","11":"instock","12":"shipping-taxable","13":"product-type-simple"},"_links":{"self":[{"href":"https:\/\/dicodi.cl\/allmedica\/wp-json\/wp\/v2\/product\/30892","targetHints":{"allow":["GET"]}}],"collection":[{"href":"https:\/\/dicodi.cl\/allmedica\/wp-json\/wp\/v2\/product"}],"about":[{"href":"https:\/\/dicodi.cl\/allmedica\/wp-json\/wp\/v2\/types\/product"}],"wp:featuredmedia":[{"embeddable":true,"href":"https:\/\/dicodi.cl\/allmedica\/wp-json\/wp\/v2\/media\/29812"}],"wp:attachment":[{"href":"https:\/\/dicodi.cl\/allmedica\/wp-json\/wp\/v2\/media?parent=30892"}],"wp:term":[{"taxonomy":"product_brand","embeddable":true,"href":"https:\/\/dicodi.cl\/allmedica\/wp-json\/wp\/v2\/product_brand?post=30892"},{"taxonomy":"product_cat","embeddable":true,"href":"https:\/\/dicodi.cl\/allmedica\/wp-json\/wp\/v2\/product_cat?post=30892"},{"taxonomy":"product_tag","embeddable":true,"href":"https:\/\/dicodi.cl\/allmedica\/wp-json\/wp\/v2\/product_tag?post=30892"}],"curies":[{"name":"wp","href":"https:\/\/api.w.org\/{rel}","templated":true}]}}