{"id":30894,"date":"2026-02-05T22:10:51","date_gmt":"2026-02-05T22:10:51","guid":{"rendered":"https:\/\/dicodi.cl\/allmedica\/?post_type=product&#038;p=30894"},"modified":"2026-02-05T22:10:52","modified_gmt":"2026-02-05T22:10:52","slug":"mesa-de-examen-ginecologica-con-cajonera-lateral-y-escabel","status":"publish","type":"product","link":"https:\/\/dicodi.cl\/allmedica\/producto\/mesa-de-examen-ginecologica-con-cajonera-lateral-y-escabel\/","title":{"rendered":"Mesa de Examen Ginecol\u00f3gica con Cajonera Lateral y Escabel"},"content":{"rendered":"<p>Mesa de Examen Ginecol\u00f3gica con Cajonera Lateral y Escabel<\/p>\n<p>Estructura fabricada en acero de alta resistencia, con pintura en polvo epoxi poli\u00e9ster. &#8211; Tendido de tres secciones: uno fijo y dos m\u00f3viles en l\u00e1mina pintada, central fijo en pol\u00edmero termoformado. &#8211; Colchoneta en espuma de alta densidad de ocho cent\u00edmetros de espesor, cubierta en tela vin\u00edlica anti bacterial, grado hospitalario resistente a la desinfecci\u00f3n con sistema de fijaci\u00f3n al tendido. &#8211; El movimiento de espaldar es realizado por pist\u00f3n neum\u00e1tico, piecero desmontable, graduable 90\u00b0. &#8211; La mesa cuenta con gavetas que permiten almacenamiento de utensilios y material m\u00e9dico. &#8211; Accesorios para realizar procedimientos y facilitar posiciones de ex\u00e1menes: taconeras, corveras graduables, porta rollo, correas de sujeci\u00f3n, bandeja para fluidos, salida auxiliar para conexi\u00f3n de equipos. &#8211; Base con niveladores antideslizantes y escala inferior retr\u00e1ctil para ingreso de paciente.<\/p>\n","protected":false},"excerpt":{"rendered":"<p><strong>COD:<\/strong> 8410<br \/>\n<strong>MARCA:<\/strong>\u00a0MUBI<br \/>\n<strong>MODELO:<\/strong> 8410<\/p>\n","protected":false},"featured_media":29817,"template":"","meta":[],"product_brand":[],"product_cat":[325],"product_tag":[344,345,488,489],"class_list":{"0":"post-30894","1":"product","2":"type-product","3":"status-publish","4":"has-post-thumbnail","6":"product_cat-mobiliario-clinico","7":"product_tag-camilla-ginecologica","8":"product_tag-ginecologia","9":"product_tag-mesa-examen","10":"product_tag-mesa-ginecologica","12":"first","13":"instock","14":"shipping-taxable","15":"product-type-simple"},"_links":{"self":[{"href":"https:\/\/dicodi.cl\/allmedica\/wp-json\/wp\/v2\/product\/30894","targetHints":{"allow":["GET"]}}],"collection":[{"href":"https:\/\/dicodi.cl\/allmedica\/wp-json\/wp\/v2\/product"}],"about":[{"href":"https:\/\/dicodi.cl\/allmedica\/wp-json\/wp\/v2\/types\/product"}],"wp:featuredmedia":[{"embeddable":true,"href":"https:\/\/dicodi.cl\/allmedica\/wp-json\/wp\/v2\/media\/29817"}],"wp:attachment":[{"href":"https:\/\/dicodi.cl\/allmedica\/wp-json\/wp\/v2\/media?parent=30894"}],"wp:term":[{"taxonomy":"product_brand","embeddable":true,"href":"https:\/\/dicodi.cl\/allmedica\/wp-json\/wp\/v2\/product_brand?post=30894"},{"taxonomy":"product_cat","embeddable":true,"href":"https:\/\/dicodi.cl\/allmedica\/wp-json\/wp\/v2\/product_cat?post=30894"},{"taxonomy":"product_tag","embeddable":true,"href":"https:\/\/dicodi.cl\/allmedica\/wp-json\/wp\/v2\/product_tag?post=30894"}],"curies":[{"name":"wp","href":"https:\/\/api.w.org\/{rel}","templated":true}]}}