{"id":30899,"date":"2026-02-05T22:10:52","date_gmt":"2026-02-05T22:10:52","guid":{"rendered":"https:\/\/dicodi.cl\/allmedica\/?post_type=product&#038;p=30899"},"modified":"2026-02-05T22:10:53","modified_gmt":"2026-02-05T22:10:53","slug":"oximetro-de-pulso-sobremesa-bt-720-marca-bistos","status":"publish","type":"product","link":"https:\/\/dicodi.cl\/allmedica\/producto\/oximetro-de-pulso-sobremesa-bt-720-marca-bistos\/","title":{"rendered":"Ox\u00edmetro de Pulso Sobremesa BT-720 marca Bistos"},"content":{"rendered":"<p>Oximetro de Pulso Sobremesa BT-720<\/p>\n<p>Su dise\u00f1o port\u00e1til lo hace apto para cualquier entorno, teniendo al paciente monitorizado en todo momento.<br \/>\nF\u00e1cil de transportar por su tama\u00f1o 254 x 90 x 185 mm y su peso &lt;1,5 kgs.<br \/>\nMonitorizaci\u00f3n del SpO2, onda pletismogr\u00e1fica, \u00edndice de perfusi\u00f3n y frecuencia respiratoria.<br \/>\nConfiguraci\u00f3n valores de alarma m\u00e1xima y m\u00ednima, modo onda y velocidad, tipo de paciente (adulto, pedi\u00e1trico y neonatal), nivel de sonido.<\/p>\n","protected":false},"excerpt":{"rendered":"<p><strong>COD:<\/strong> BT-720<br \/>\n<strong>MARCA:<\/strong> BISTOS<br \/>\n<strong>MODELO:<\/strong> BT-720<\/p>\n","protected":false},"featured_media":29829,"template":"","meta":[],"product_brand":[],"product_cat":[297,188],"product_tag":[189,193,430,491,432],"class_list":{"0":"post-30899","1":"product","2":"type-product","3":"status-publish","4":"has-post-thumbnail","6":"product_cat-ofertas-electrobisturi","7":"product_cat-oximetros","8":"product_tag-oximetro-de-pulso","9":"product_tag-oximetro-digital","10":"product_tag-oximetro-portatil","11":"product_tag-oximetro-sobremesa","12":"product_tag-oximetros-de-pulso-nuevo","14":"first","15":"instock","16":"shipping-taxable","17":"product-type-simple"},"_links":{"self":[{"href":"https:\/\/dicodi.cl\/allmedica\/wp-json\/wp\/v2\/product\/30899","targetHints":{"allow":["GET"]}}],"collection":[{"href":"https:\/\/dicodi.cl\/allmedica\/wp-json\/wp\/v2\/product"}],"about":[{"href":"https:\/\/dicodi.cl\/allmedica\/wp-json\/wp\/v2\/types\/product"}],"wp:featuredmedia":[{"embeddable":true,"href":"https:\/\/dicodi.cl\/allmedica\/wp-json\/wp\/v2\/media\/29829"}],"wp:attachment":[{"href":"https:\/\/dicodi.cl\/allmedica\/wp-json\/wp\/v2\/media?parent=30899"}],"wp:term":[{"taxonomy":"product_brand","embeddable":true,"href":"https:\/\/dicodi.cl\/allmedica\/wp-json\/wp\/v2\/product_brand?post=30899"},{"taxonomy":"product_cat","embeddable":true,"href":"https:\/\/dicodi.cl\/allmedica\/wp-json\/wp\/v2\/product_cat?post=30899"},{"taxonomy":"product_tag","embeddable":true,"href":"https:\/\/dicodi.cl\/allmedica\/wp-json\/wp\/v2\/product_tag?post=30899"}],"curies":[{"name":"wp","href":"https:\/\/api.w.org\/{rel}","templated":true}]}}